{"id":124,"date":"2013-03-24T11:09:27","date_gmt":"2013-03-24T16:09:27","guid":{"rendered":"http:\/\/174.120.201.130\/~esclavas\/blog\/?page_id=124"},"modified":"2026-03-08T22:40:40","modified_gmt":"2026-03-09T03:40:40","slug":"conocenos","status":"publish","type":"page","link":"https:\/\/exalumnasesclavas.org\/blog\/?page_id=124","title":{"rendered":"CON\u00d3CENOS"},"content":{"rendered":"\n<p class=\"has-medium-font-size\">Somos una organizaci\u00f3n no gubernamental (ONG) que fue fundada en 1997. Dos a\u00f1os despu\u00e9s, en 1998, establecimos el Centro Juvenil y Biblioteca Las Ma\u00f1anitas. Desde entonces, nos hemos dedicado a ayudar al desarrollo integral de cientos de ni\u00f1os y j\u00f3venes, muchos de ellos en situaciones de riesgo social. Esto ha sido posible gracias al valioso respaldo de exalumnas, personas y organizaciones comprometidas con nuestra causa.<\/p>\n\n\n\n<div class=\"blockart-image blockart-image-86310753\"><img loading=\"lazy\" decoding=\"async\" width=\"829\" height=\"532\" data-attachment-id=\"3319\" data-permalink=\"https:\/\/exalumnasesclavas.org\/blog\/?attachment_id=3319\" data-orig-file=\"https:\/\/exalumnasesclavas.org\/blog\/wp-content\/uploads\/2023\/05\/IMG-20180514-WA0018-copia-1.jpg\" data-orig-size=\"829,532\" data-comments-opened=\"0\" data-image-meta=\"{&quot;aperture&quot;:&quot;0&quot;,&quot;credit&quot;:&quot;&quot;,&quot;camera&quot;:&quot;&quot;,&quot;caption&quot;:&quot;&quot;,&quot;created_timestamp&quot;:&quot;0&quot;,&quot;copyright&quot;:&quot;&quot;,&quot;focal_length&quot;:&quot;0&quot;,&quot;iso&quot;:&quot;0&quot;,&quot;shutter_speed&quot;:&quot;0&quot;,&quot;title&quot;:&quot;&quot;,&quot;orientation&quot;:&quot;0&quot;}\" data-image-title=\"IMG-20180514-WA0018-copia-1\" data-image-description=\"\" data-image-caption=\"\" data-medium-file=\"https:\/\/exalumnasesclavas.org\/blog\/wp-content\/uploads\/2023\/05\/IMG-20180514-WA0018-copia-1-300x193.jpg\" data-large-file=\"https:\/\/exalumnasesclavas.org\/blog\/wp-content\/uploads\/2023\/05\/IMG-20180514-WA0018-copia-1.jpg\" class=\"wp-image-3319\" src=\"https:\/\/exalumnasesclavas.org\/blog\/wp-content\/uploads\/2023\/05\/IMG-20180514-WA0018-copia-1.jpg\" alt=\"\" srcset=\"https:\/\/exalumnasesclavas.org\/blog\/wp-content\/uploads\/2023\/05\/IMG-20180514-WA0018-copia-1.jpg 829w, https:\/\/exalumnasesclavas.org\/blog\/wp-content\/uploads\/2023\/05\/IMG-20180514-WA0018-copia-1-300x193.jpg 300w, https:\/\/exalumnasesclavas.org\/blog\/wp-content\/uploads\/2023\/05\/IMG-20180514-WA0018-copia-1-768x493.jpg 768w\" sizes=\"auto, (max-width: 829px) 100vw, 829px\" \/><\/div>\n\n\n\n<p><\/p>\n\n\n\n<p><\/p>\n\n\n\n<p class=\"has-text-align-center has-large-font-size\" id=\"Misi\u00f3n,-Visi\u00f3n,-Valores\" style=\"line-height:1.6\">Porque creemos que todo ni\u00f1o tiene talento, pero no todos tienen la oportunidad de desarrollarlo<\/p>\n\n\n\n<div class=\"wp-block-columns alignwide is-layout-flex wp-container-core-columns-is-layout-d7d455e7 wp-block-columns-is-layout-flex\" style=\"border-style:none;border-width:0px;padding-top:0;padding-right:0;padding-bottom:0;padding-left:0\">\n<div class=\"wp-block-column is-vertically-aligned-center is-layout-constrained wp-container-core-column-is-layout-3b3a41fd wp-block-column-is-layout-constrained\" style=\"border-style:none;border-width:0px;padding-top:0em;padding-right:0em;padding-bottom:0em;padding-left:0em\">\n<p class=\"has-black-color has-text-color has-link-color has-medium-font-size wp-elements-68bd497e6249e9243139aa3ee0c1f4d5\" style=\"line-height:1.6\"><strong>MISI\u00d3N<\/strong><\/p>\n\n\n\n<p class=\"has-medium-font-size\">Impulsar a ni\u00f1os, adolescentes y sus familias a desarrollar su potencial en un entorno de aprendizaje integral, seguro y divertido.<\/p>\n\n\n\n<p class=\"has-black-color has-text-color has-link-color has-medium-font-size wp-elements-ee4a10390987a03039f7f2d4ed7ceb76\" style=\"line-height:1.6\"><strong>VISI\u00d3N<\/strong><\/p>\n\n\n\n<p class=\"has-medium-font-size\">Ser una organizaci\u00f3n reconocida y autosostenible, que impulse a&nbsp; trav\u00e9s de programas de calidad el aprendizaje, la creatividad y el bienestar de las familias de la comunidad de Las Ma\u00f1anitas.<\/p>\n\n\n\n<p class=\"has-black-color has-text-color has-link-color has-medium-font-size wp-elements-5a500bd5747e6b31049f61b1b296f587\" style=\"line-height:1.6\"><strong>VALORES<\/strong><\/p>\n<\/div>\n\n\n\n<div class=\"wp-block-column is-layout-flow wp-block-column-is-layout-flow\" style=\"flex-basis:50%\">\n<figure class=\"wp-block-image aligncenter size-full is-resized is-style-default\" style=\"margin-top:var(--wp--preset--spacing--70);margin-bottom:var(--wp--preset--spacing--70)\"><img loading=\"lazy\" decoding=\"async\" width=\"720\" height=\"848\" data-attachment-id=\"3666\" data-permalink=\"https:\/\/exalumnasesclavas.org\/blog\/?attachment_id=3666\" data-orig-file=\"https:\/\/exalumnasesclavas.org\/blog\/wp-content\/uploads\/2023\/05\/1IMG-20190903-WA0011.jpg\" data-orig-size=\"720,848\" data-comments-opened=\"0\" data-image-meta=\"{&quot;aperture&quot;:&quot;0&quot;,&quot;credit&quot;:&quot;&quot;,&quot;camera&quot;:&quot;&quot;,&quot;caption&quot;:&quot;&quot;,&quot;created_timestamp&quot;:&quot;0&quot;,&quot;copyright&quot;:&quot;&quot;,&quot;focal_length&quot;:&quot;0&quot;,&quot;iso&quot;:&quot;0&quot;,&quot;shutter_speed&quot;:&quot;0&quot;,&quot;title&quot;:&quot;&quot;,&quot;orientation&quot;:&quot;0&quot;}\" data-image-title=\"1IMG-20190903-WA0011\" data-image-description=\"\" data-image-caption=\"\" data-medium-file=\"https:\/\/exalumnasesclavas.org\/blog\/wp-content\/uploads\/2023\/05\/1IMG-20190903-WA0011-255x300.jpg\" data-large-file=\"https:\/\/exalumnasesclavas.org\/blog\/wp-content\/uploads\/2023\/05\/1IMG-20190903-WA0011.jpg\" src=\"https:\/\/exalumnasesclavas.org\/blog\/wp-content\/uploads\/2023\/05\/1IMG-20190903-WA0011.jpg\" alt=\"\" class=\"wp-image-3666\" style=\"aspect-ratio:0.8490587616368169;object-fit:cover;width:279px;height:auto\" srcset=\"https:\/\/exalumnasesclavas.org\/blog\/wp-content\/uploads\/2023\/05\/1IMG-20190903-WA0011.jpg 720w, https:\/\/exalumnasesclavas.org\/blog\/wp-content\/uploads\/2023\/05\/1IMG-20190903-WA0011-255x300.jpg 255w\" sizes=\"auto, (max-width: 720px) 100vw, 720px\" \/><\/figure>\n<\/div>\n<\/div>\n\n\n\n<div class=\"wp-block-columns is-layout-flex wp-container-core-columns-is-layout-28f84493 wp-block-columns-is-layout-flex\">\n<div class=\"wp-block-column is-layout-flow wp-block-column-is-layout-flow\">\n<p class=\"has-vivid-cyan-blue-color has-text-color has-link-color has-medium-font-size wp-elements-0672ad05c39174470ac5cb30ba1d8d7a\"><strong>Solidaridad<\/strong><\/p>\n\n\n\n<p class=\"has-link-color has-medium-font-size wp-elements-d69f8b7746f327cb46a33ec7a8f0e8b3\">Brindamos apoyo y oportunidades que transforman la vida de los ni\u00f1os y adolescentes de Las Ma\u00f1anitas.<\/p>\n<\/div>\n\n\n\n<div class=\"wp-block-column is-layout-flow wp-block-column-is-layout-flow\">\n<p class=\"has-vivid-cyan-blue-color has-text-color has-link-color has-medium-font-size wp-elements-4b76c047d35e6f56ecab81e543461c83\"><strong>Respeto<\/strong><\/p>\n\n\n\n<p class=\"has-link-color has-medium-font-size wp-elements-8c80f75210396a4d3db45071d1d6201a\">Reconocemos la dignidad, opiniones y derechos de cada persona, trat\u00e1ndola siempre con consideraci\u00f3n.&nbsp; Fomentamos la equidad y convivencia pac\u00edfica para garantizar el bienestar de todos.<\/p>\n<\/div>\n<\/div>\n\n\n\n<div class=\"wp-block-columns is-layout-flex wp-container-core-columns-is-layout-ec2e7a44 wp-block-columns-is-layout-flex\" style=\"padding-top:0;padding-bottom:0\">\n<div class=\"wp-block-column is-layout-flow wp-block-column-is-layout-flow\">\n<p class=\"has-vivid-cyan-blue-color has-text-color has-link-color has-medium-font-size wp-elements-9450e9b9e7ccbe86537a066fa76d750d\"><strong>Crecimiento<\/strong><\/p>\n\n\n\n<p class=\"has-link-color has-medium-font-size wp-elements-015fe18f6a7feb48bff712d518c1bf13\">Fomentamos el crecimiento integral de cada ni\u00f1o y adolescente, fortaleciendo sus capacidades y valores para que alcancen su m\u00e1ximo potencial.<\/p>\n<\/div>\n\n\n\n<div class=\"wp-block-column is-layout-flow wp-block-column-is-layout-flow\">\n<p class=\"has-vivid-cyan-blue-color has-text-color has-link-color has-medium-font-size wp-elements-3646c60f78216fc29b516e64361b348b\"><strong>Responsabilidad<\/strong><\/p>\n\n\n\n<p class=\"has-link-color has-medium-font-size wp-elements-162391a0f2842b6b81ebe143cea13bbf\">Trabajamos en equipo, con \u00e9tica, transparencia y compromiso en todo lo que hacemos, siendo coherentes con nuestros principios.<\/p>\n<\/div>\n<\/div>\n\n\n\n<div class=\"wp-block-group alignfull is-layout-constrained wp-block-group-is-layout-constrained\">\n<div class=\"wp-block-group alignfull is-layout-constrained wp-block-group-is-layout-constrained\">\n<div class=\"wp-block-columns alignwide is-layout-flex wp-container-core-columns-is-layout-d7d455e7 wp-block-columns-is-layout-flex\" style=\"border-style:none;border-width:0px;padding-top:0;padding-right:0;padding-bottom:0;padding-left:0\">\n<div class=\"wp-block-column is-vertically-aligned-center is-layout-constrained wp-container-core-column-is-layout-3b3a41fd wp-block-column-is-layout-constrained\" style=\"border-style:none;border-width:0px;padding-top:0em;padding-right:0em;padding-bottom:0em;padding-left:0em\">\n<p class=\"has-large-font-size\" id=\"Nuestro-Compromiso\" style=\"line-height:1.6\">Nuestro Compromiso<\/p>\n\n\n\n<p class=\"has-medium-font-size\" style=\"margin-top:0;margin-right:0;margin-bottom:0;margin-left:0;line-height:1.6\">Administramos y mantenemos el Centro Juvenil y Biblioteca Las Ma\u00f1anitas en la comunidad de Las Ma\u00f1anitas. Nuestra asociaci\u00f3n depende principalmente de donaciones individuales y corporativas, as\u00ed como del encuentro anual de exalumnas para financiar proyectos espec\u00edficos.<\/p>\n<\/div>\n\n\n\n<div class=\"wp-block-column is-layout-flow wp-block-column-is-layout-flow\" style=\"flex-basis:50%\">\n<figure class=\"wp-block-image aligncenter size-large is-resized\"><img loading=\"lazy\" decoding=\"async\" width=\"768\" height=\"1024\" data-attachment-id=\"3673\" data-permalink=\"https:\/\/exalumnasesclavas.org\/blog\/?attachment_id=3673\" data-orig-file=\"https:\/\/exalumnasesclavas.org\/blog\/wp-content\/uploads\/2023\/05\/69502112_2960652580629153_4003458210533998592_n.jpg\" data-orig-size=\"960,1280\" data-comments-opened=\"0\" data-image-meta=\"{&quot;aperture&quot;:&quot;0&quot;,&quot;credit&quot;:&quot;&quot;,&quot;camera&quot;:&quot;&quot;,&quot;caption&quot;:&quot;&quot;,&quot;created_timestamp&quot;:&quot;0&quot;,&quot;copyright&quot;:&quot;&quot;,&quot;focal_length&quot;:&quot;0&quot;,&quot;iso&quot;:&quot;0&quot;,&quot;shutter_speed&quot;:&quot;0&quot;,&quot;title&quot;:&quot;&quot;,&quot;orientation&quot;:&quot;0&quot;}\" data-image-title=\"69502112_2960652580629153_4003458210533998592_n\" data-image-description=\"\" data-image-caption=\"\" data-medium-file=\"https:\/\/exalumnasesclavas.org\/blog\/wp-content\/uploads\/2023\/05\/69502112_2960652580629153_4003458210533998592_n-225x300.jpg\" data-large-file=\"https:\/\/exalumnasesclavas.org\/blog\/wp-content\/uploads\/2023\/05\/69502112_2960652580629153_4003458210533998592_n-768x1024.jpg\" src=\"https:\/\/exalumnasesclavas.org\/blog\/wp-content\/uploads\/2023\/05\/69502112_2960652580629153_4003458210533998592_n-768x1024.jpg\" alt=\"\" class=\"wp-image-3673\" style=\"width:384px;height:512px\" srcset=\"https:\/\/exalumnasesclavas.org\/blog\/wp-content\/uploads\/2023\/05\/69502112_2960652580629153_4003458210533998592_n-768x1024.jpg 768w, https:\/\/exalumnasesclavas.org\/blog\/wp-content\/uploads\/2023\/05\/69502112_2960652580629153_4003458210533998592_n-225x300.jpg 225w, https:\/\/exalumnasesclavas.org\/blog\/wp-content\/uploads\/2023\/05\/69502112_2960652580629153_4003458210533998592_n.jpg 960w\" sizes=\"auto, (max-width: 768px) 100vw, 768px\" \/><\/figure>\n<\/div>\n<\/div>\n<\/div>\n<\/div>\n\n\n\n<div class=\"wp-block-group alignfull is-layout-constrained wp-block-group-is-layout-constrained\">\n<div class=\"wp-block-group alignfull is-layout-constrained wp-block-group-is-layout-constrained\">\n<div class=\"wp-block-columns alignwide is-layout-flex wp-container-core-columns-is-layout-d7d455e7 wp-block-columns-is-layout-flex\" style=\"border-style:none;border-width:0px;padding-top:0;padding-right:0;padding-bottom:0;padding-left:0\">\n<div class=\"wp-block-column is-vertically-aligned-center is-layout-constrained wp-container-core-column-is-layout-3b3a41fd wp-block-column-is-layout-constrained\" style=\"border-style:none;border-width:0px;padding-top:0em;padding-right:0em;padding-bottom:0em;padding-left:0em\">\n<p><\/p>\n\n\n\n<p><\/p>\n\n\n\n<p class=\"has-large-font-size\" id=\"Nuestra-Asociaci\u00f3n\" style=\"line-height:1.6\">Sobre la Fundaci\u00f3n<\/p>\n\n\n\n<p><\/p>\n\n\n\n<p class=\"has-medium-font-size\">La Asociaci\u00f3n de Exalumnas del Colegio Las Esclavas es una organizaci\u00f3n sin fines de lucro, fundada el 19 de noviembre de 1996 bajo el liderazgo&nbsp;de un grupo de egresadas del Colegio Las Esclavas del Sagrado Coraz\u00f3n de Jes\u00fas de la ciudad de Panam\u00e1.<\/p>\n\n\n\n<p class=\"has-medium-font-size\">Contamos con personer\u00eda Jur\u00eddica otorgada por el Ministerio de Gobierno y Justicia de Panam\u00e1, mediante resuelto No. 171-PJ-64 del 21 de abril de 1997.<\/p>\n\n\n\n<p class=\"has-medium-font-size\">La Asociaci\u00f3n est\u00e1 registrada en el Ministerio de Econom\u00eda y Finanzas para recibir donaciones que sean deducibles del impuesto sobre la renta, seg\u00fan Resoluci\u00f3n 201-1253, del 4 de agosto de 1997.<\/p>\n<\/div>\n<\/div>\n<\/div>\n<\/div>\n\n\n\n<div class=\"wp-block-group alignfull is-layout-constrained wp-block-group-is-layout-constrained\">\n<div class=\"wp-block-group alignfull is-layout-constrained wp-block-group-is-layout-constrained\">\n<div class=\"wp-block-columns alignwide is-layout-flex wp-container-core-columns-is-layout-d7d455e7 wp-block-columns-is-layout-flex\" style=\"border-style:none;border-width:0px;padding-top:0;padding-right:0;padding-bottom:0;padding-left:0\">\n<div class=\"wp-block-column is-layout-flow wp-block-column-is-layout-flow\" style=\"flex-basis:50%\">\n<div class=\"wp-block-cover is-light\" style=\"min-height:20%;aspect-ratio:unset;\"><span aria-hidden=\"true\" class=\"wp-block-cover__background has-white-background-color has-background-dim-100 has-background-dim\"><\/span><div class=\"wp-block-cover__inner-container is-layout-flow wp-block-cover-is-layout-flow\">\n<figure class=\"wp-block-image aligncenter size-large\"><img loading=\"lazy\" decoding=\"async\" width=\"1024\" height=\"768\" data-attachment-id=\"1978\" data-permalink=\"https:\/\/exalumnasesclavas.org\/blog\/?attachment_id=1978\" data-orig-file=\"https:\/\/exalumnasesclavas.org\/blog\/wp-content\/uploads\/2023\/04\/IMG-20190613-WA0007.jpg\" data-orig-size=\"1152,864\" data-comments-opened=\"0\" data-image-meta=\"{&quot;aperture&quot;:&quot;0&quot;,&quot;credit&quot;:&quot;&quot;,&quot;camera&quot;:&quot;&quot;,&quot;caption&quot;:&quot;&quot;,&quot;created_timestamp&quot;:&quot;0&quot;,&quot;copyright&quot;:&quot;&quot;,&quot;focal_length&quot;:&quot;0&quot;,&quot;iso&quot;:&quot;0&quot;,&quot;shutter_speed&quot;:&quot;0&quot;,&quot;title&quot;:&quot;&quot;,&quot;orientation&quot;:&quot;0&quot;}\" data-image-title=\"IMG-20190613-WA0007\" data-image-description=\"\" data-image-caption=\"\" data-medium-file=\"https:\/\/exalumnasesclavas.org\/blog\/wp-content\/uploads\/2023\/04\/IMG-20190613-WA0007-300x225.jpg\" data-large-file=\"https:\/\/exalumnasesclavas.org\/blog\/wp-content\/uploads\/2023\/04\/IMG-20190613-WA0007-1024x768.jpg\" src=\"https:\/\/exalumnasesclavas.org\/blog\/wp-content\/uploads\/2023\/04\/IMG-20190613-WA0007-1024x768.jpg\" alt=\"\" class=\"wp-image-1978\" srcset=\"https:\/\/exalumnasesclavas.org\/blog\/wp-content\/uploads\/2023\/04\/IMG-20190613-WA0007-1024x768.jpg 1024w, https:\/\/exalumnasesclavas.org\/blog\/wp-content\/uploads\/2023\/04\/IMG-20190613-WA0007-300x225.jpg 300w, https:\/\/exalumnasesclavas.org\/blog\/wp-content\/uploads\/2023\/04\/IMG-20190613-WA0007-768x576.jpg 768w, https:\/\/exalumnasesclavas.org\/blog\/wp-content\/uploads\/2023\/04\/IMG-20190613-WA0007.jpg 1152w\" sizes=\"auto, (max-width: 1024px) 100vw, 1024px\" \/><\/figure>\n<\/div><\/div>\n<\/div>\n\n\n\n<div class=\"wp-block-column is-vertically-aligned-center is-layout-constrained wp-container-core-column-is-layout-3b3a41fd wp-block-column-is-layout-constrained\" style=\"border-style:none;border-width:0px;padding-top:0em;padding-right:0em;padding-bottom:0em;padding-left:0em\">\n<p class=\"has-large-font-size\" style=\"line-height:1.6\">Nuestro Equipo<\/p>\n\n\n\n<p class=\"has-medium-font-size\">Logramos nuestros objetivos trabajando estrechamente con el personal del Centro, que coordina con instructores y voluntarios para beneficio de los ni\u00f1os y j\u00f3venes de la comunidad.<\/p>\n<\/div>\n<\/div>\n<\/div>\n<\/div>\n\n\n\n<div class=\"wp-block-group alignfull is-layout-constrained wp-container-core-group-is-layout-ac1532a6 wp-block-group-is-layout-constrained\">\n<div class=\"wp-block-group alignfull is-layout-constrained wp-block-group-is-layout-constrained\">\n<div class=\"wp-block-columns alignwide is-layout-flex wp-container-core-columns-is-layout-d7d455e7 wp-block-columns-is-layout-flex\" style=\"border-style:none;border-width:0px;padding-top:0;padding-right:0;padding-bottom:0;padding-left:0\">\n<div class=\"wp-block-column is-vertically-aligned-center is-layout-constrained wp-container-core-column-is-layout-3b3a41fd wp-block-column-is-layout-constrained\" style=\"border-style:none;border-width:0px;padding-top:0em;padding-right:0em;padding-bottom:0em;padding-left:0em\">\n<p><\/p>\n\n\n\n<p class=\"has-large-font-size\" id=\"Historia\" style=\"line-height:1.6\">Historia de la Asociaci\u00f3n<\/p>\n\n\n\n<p><\/p>\n\n\n\n<p class=\"has-medium-font-size\">En 1996, se cre\u00f3 la Asociaci\u00f3n de Exalumnas del Colegio Las Esclavas en Panam\u00e1 con la intenci\u00f3n de ayudar a la comunidad y fomentar los lazos de amistad. Al a\u00f1o siguiente, se identific\u00f3 la necesidad de una biblioteca en Las Ma\u00f1anitas, una comunidad cercana con graves problemas sociales.<\/p>\n\n\n\n<p class=\"has-medium-font-size\">La Asociaci\u00f3n, junto con exalumnas, padres de familia y benefactores, aportaron capital, mobiliario y libros usados para crear el Centro Juvenil y Biblioteca Las Ma\u00f1anitas, que abri\u00f3 en enero de 1998. Desde entonces, el Centro ha tenido un gran impacto en la comunidad, mejorando el desempe\u00f1o escolar de los j\u00f3venes del \u00e1rea. <\/p>\n\n\n\n<p class=\"has-medium-font-size\">La Asociaci\u00f3n trabaja incansablemente para que el Centro contin\u00fae abriendo sus puertas cada d\u00eda. Todo esto es posible gracias al esfuerzo conjunto de personas y organizaciones que comparten nuestra meta de ayudar a los ni\u00f1os y j\u00f3venes de la comunidad de Las Ma\u00f1anitas a prepararse para un futuro prometedor.<\/p>\n\n\n\n<p><\/p>\n<\/div>\n<\/div>\n<\/div>\n<\/div>\n","protected":false},"excerpt":{"rendered":"<p>Somos una organizaci\u00f3n no gubernamental (ONG) que fue fundada en 1997. Dos a\u00f1os despu\u00e9s, en 1998, establecimos el Centro Juvenil y Biblioteca Las Ma\u00f1anitas. Desde entonces, nos hemos dedicado a ayudar al desarrollo integral de cientos de ni\u00f1os y j\u00f3venes, muchos de ellos en situaciones de riesgo social. Esto ha sido posible gracias al valioso [&hellip;]<\/p>\n","protected":false},"author":1,"featured_media":0,"parent":0,"menu_order":1,"comment_status":"closed","ping_status":"closed","template":"","meta":{"_eb_attr":"","_mi_skip_tracking":false,"footnotes":""},"categories":[],"tags":[],"class_list":["post-124","page","type-page","status-publish","hentry"],"aioseo_notices":[],"jetpack_shortlink":"https:\/\/wp.me\/PaFKez-20","jetpack_sharing_enabled":true,"_links":{"self":[{"href":"https:\/\/exalumnasesclavas.org\/blog\/index.php?rest_route=\/wp\/v2\/pages\/124","targetHints":{"allow":["GET"]}}],"collection":[{"href":"https:\/\/exalumnasesclavas.org\/blog\/index.php?rest_route=\/wp\/v2\/pages"}],"about":[{"href":"https:\/\/exalumnasesclavas.org\/blog\/index.php?rest_route=\/wp\/v2\/types\/page"}],"author":[{"embeddable":true,"href":"https:\/\/exalumnasesclavas.org\/blog\/index.php?rest_route=\/wp\/v2\/users\/1"}],"replies":[{"embeddable":true,"href":"https:\/\/exalumnasesclavas.org\/blog\/index.php?rest_route=%2Fwp%2Fv2%2Fcomments&post=124"}],"version-history":[{"count":138,"href":"https:\/\/exalumnasesclavas.org\/blog\/index.php?rest_route=\/wp\/v2\/pages\/124\/revisions"}],"predecessor-version":[{"id":8080,"href":"https:\/\/exalumnasesclavas.org\/blog\/index.php?rest_route=\/wp\/v2\/pages\/124\/revisions\/8080"}],"wp:attachment":[{"href":"https:\/\/exalumnasesclavas.org\/blog\/index.php?rest_route=%2Fwp%2Fv2%2Fmedia&parent=124"}],"wp:term":[{"taxonomy":"category","embeddable":true,"href":"https:\/\/exalumnasesclavas.org\/blog\/index.php?rest_route=%2Fwp%2Fv2%2Fcategories&post=124"},{"taxonomy":"post_tag","embeddable":true,"href":"https:\/\/exalumnasesclavas.org\/blog\/index.php?rest_route=%2Fwp%2Fv2%2Ftags&post=124"}],"curies":[{"name":"wp","href":"https:\/\/api.w.org\/{rel}","templated":true}]}}