{"id":2,"date":"2013-02-09T01:23:50","date_gmt":"2013-02-09T06:23:50","guid":{"rendered":"http:\/\/174.120.201.130\/~esclavas\/blog\/?page_id=2"},"modified":"2023-05-24T07:43:04","modified_gmt":"2023-05-24T12:43:04","slug":"sample-page","status":"publish","type":"page","link":"https:\/\/exalumnasesclavas.org\/blog\/?page_id=2","title":{"rendered":"Centro Juvenil y Biblioteca Las Ma\u00f1anitas"},"content":{"rendered":"\n<p class=\"has-text-align-center has-medium-font-size\">Trabajamos con el prop\u00f3sito de estimular en los participantes las posibilidades de cambio y mejora para lograr la transformaci\u00f3n de su entorno.<\/p>\n\n\n\n<div class=\"wp-block-group alignfull is-layout-constrained wp-block-group-is-layout-constrained\">\n<div class=\"blockart-image blockart-image-26848eca\"><img loading=\"lazy\" decoding=\"async\" data-attachment-id=\"3395\" data-permalink=\"https:\/\/exalumnasesclavas.org\/blog\/?attachment_id=3395\" data-orig-file=\"https:\/\/exalumnasesclavas.org\/blog\/wp-content\/uploads\/2023\/05\/32462590_746026625600720_2308219689496477696_n-1.jpg\" data-orig-size=\"746,495\" data-comments-opened=\"0\" data-image-meta=\"{&quot;aperture&quot;:&quot;0&quot;,&quot;credit&quot;:&quot;&quot;,&quot;camera&quot;:&quot;&quot;,&quot;caption&quot;:&quot;&quot;,&quot;created_timestamp&quot;:&quot;0&quot;,&quot;copyright&quot;:&quot;&quot;,&quot;focal_length&quot;:&quot;0&quot;,&quot;iso&quot;:&quot;0&quot;,&quot;shutter_speed&quot;:&quot;0&quot;,&quot;title&quot;:&quot;&quot;,&quot;orientation&quot;:&quot;0&quot;}\" data-image-title=\"32462590_746026625600720_2308219689496477696_n\" data-image-description=\"\" data-image-caption=\"\" data-medium-file=\"https:\/\/exalumnasesclavas.org\/blog\/wp-content\/uploads\/2023\/05\/32462590_746026625600720_2308219689496477696_n-1-300x199.jpg\" data-large-file=\"https:\/\/exalumnasesclavas.org\/blog\/wp-content\/uploads\/2023\/05\/32462590_746026625600720_2308219689496477696_n-1.jpg\" class=\"wp-image-3395\" src=\"https:\/\/exalumnasesclavas.org\/blog\/wp-content\/uploads\/2023\/05\/32462590_746026625600720_2308219689496477696_n-1.jpg\" alt=\"\" height=\"495\" width=\"746\" srcset=\"https:\/\/exalumnasesclavas.org\/blog\/wp-content\/uploads\/2023\/05\/32462590_746026625600720_2308219689496477696_n-1.jpg 746w, https:\/\/exalumnasesclavas.org\/blog\/wp-content\/uploads\/2023\/05\/32462590_746026625600720_2308219689496477696_n-1-300x199.jpg 300w\" sizes=\"auto, (max-width: 746px) 100vw, 746px\" \/><\/div>\n<\/div>\n\n\n\n<div class=\"wp-block-group alignwide has-background is-layout-constrained wp-block-group-is-layout-constrained\" style=\"background-color:#082e6d\">\n<div class=\"wp-block-essential-blocks-advanced-heading\"><div class=\"eb-parent-wrapper eb-parent-eb-advance-heading-7qzaqko \"><div class=\"eb-advance-heading-wrapper eb-advance-heading-7qzaqko button-1\" data-id=\"eb-advance-heading-7qzaqko\"><h2 class=\"eb-ah-title\">Nuestra Labor<\/h2><\/div><\/div><\/div>\n\n\n\n<p class=\"blockart-paragraph blockart-paragraph-42a33361\">Trabajamos en la comunidad de Las Ma\u00f1anitas, cerca de Tocumen, en la ciudad de Panam\u00e1. Atendemos a m\u00e1s de 2,000 beneficiarios al mes de los cuales aproximadamente el 50% son estudiantes de primaria y 40% estudiantes de secundaria, muchos de ellos en riesgo social, mientras que el 10% son adultos.<\/p>\n\n\n\n<p class=\"blockart-paragraph blockart-paragraph-6c3b29f3\">Estamos decididos a enfrentar los retos con entusiasmo y dedicaci\u00f3n, porque juntos, podemos superar estos obst\u00e1culos y contribuir a construir un futuro con oportunidades para la comunidad de Las Ma\u00f1anitas.<\/p>\n\n\n\n\n\n<div class=\"blockart-buttons blockart-buttons-9779269a is-wrap justify-center\">\n<div class=\"blockart-button blockart-button-8f59756d \"><a class=\"blockart-button-link is-large is-style-filled\">Leer m\u00e1s<\/a><\/div>\n<\/div>\n<\/div>\n\n\n\n<blockquote class=\"wp-block-quote is-style-default has-medium-font-size is-layout-flow wp-block-quote-is-layout-flow\">\n<p class=\"has-medium-font-size\">\u00abEste proyecto ha puesto a disposici\u00f3n de los ni\u00f1os y j\u00f3venes del \u00e1rea un espacio donde pueden reunirse a realizar desde tareas escolares a actividades recreativas de diferente tipo (culturales, deportivas, sociales, etc.).<\/p>\n\n\n\n<p class=\"has-medium-font-size\">Esta vocaci\u00f3n generalista en cuanto a la formaci\u00f3n de la persona se refiere es una forma de&nbsp;<strong>educaci\u00f3n integral<\/strong>&nbsp;y tiene como contrapartida el establecimiento de redes estables de contacto entre escolares, profesores, voluntarios, colaboradores que genera una muy valiosa reserva de capital social entre los participantes de esa red.\u00bb<\/p>\n<cite>Jon Subinas Garralda<br>Soci\u00f3logo espa\u00f1ol<\/cite><\/blockquote>\n\n\n\n<div class=\"wp-block-columns alignwide has-background is-layout-flex wp-container-core-columns-is-layout-28f84493 wp-block-columns-is-layout-flex\" style=\"background-color:#082e6d\">\n<div class=\"wp-block-column is-layout-flow wp-block-column-is-layout-flow\">\n<div class=\"wp-block-group alignwide is-layout-constrained wp-block-group-is-layout-constrained\">\n<div class=\"wp-block-group is-layout-constrained wp-block-group-is-layout-constrained\">\n<div class=\"wp-block-group is-layout-constrained wp-container-core-group-is-layout-12243e0f wp-block-group-is-layout-constrained\">\n<div class=\"wp-block-group alignfull is-layout-constrained wp-block-group-is-layout-constrained\">\n<div class=\"blockart-image blockart-image-6badac84\"><img loading=\"lazy\" decoding=\"async\" width=\"768\" height=\"645\" data-attachment-id=\"3749\" data-permalink=\"https:\/\/exalumnasesclavas.org\/blog\/?attachment_id=3749\" data-orig-file=\"https:\/\/exalumnasesclavas.org\/blog\/wp-content\/uploads\/2023\/05\/117c0a71b4-edde-4e0f-b900-d03a3e54a094.jpg\" data-orig-size=\"768,645\" data-comments-opened=\"0\" data-image-meta=\"{&quot;aperture&quot;:&quot;0&quot;,&quot;credit&quot;:&quot;&quot;,&quot;camera&quot;:&quot;&quot;,&quot;caption&quot;:&quot;&quot;,&quot;created_timestamp&quot;:&quot;0&quot;,&quot;copyright&quot;:&quot;&quot;,&quot;focal_length&quot;:&quot;0&quot;,&quot;iso&quot;:&quot;0&quot;,&quot;shutter_speed&quot;:&quot;0&quot;,&quot;title&quot;:&quot;&quot;,&quot;orientation&quot;:&quot;0&quot;}\" data-image-title=\"117c0a71b4-edde-4e0f-b900-d03a3e54a094\" data-image-description=\"\" data-image-caption=\"\" data-medium-file=\"https:\/\/exalumnasesclavas.org\/blog\/wp-content\/uploads\/2023\/05\/117c0a71b4-edde-4e0f-b900-d03a3e54a094-300x252.jpg\" data-large-file=\"https:\/\/exalumnasesclavas.org\/blog\/wp-content\/uploads\/2023\/05\/117c0a71b4-edde-4e0f-b900-d03a3e54a094.jpg\" class=\"wp-image-3749\" src=\"https:\/\/exalumnasesclavas.org\/blog\/wp-content\/uploads\/2023\/05\/117c0a71b4-edde-4e0f-b900-d03a3e54a094.jpg\" alt=\"\" srcset=\"https:\/\/exalumnasesclavas.org\/blog\/wp-content\/uploads\/2023\/05\/117c0a71b4-edde-4e0f-b900-d03a3e54a094.jpg 768w, https:\/\/exalumnasesclavas.org\/blog\/wp-content\/uploads\/2023\/05\/117c0a71b4-edde-4e0f-b900-d03a3e54a094-300x252.jpg 300w\" sizes=\"auto, (max-width: 768px) 100vw, 768px\" \/><\/div>\n<\/div>\n<\/div>\n<\/div>\n<\/div>\n<\/div>\n\n\n\n<div class=\"wp-block-column is-vertically-aligned-center is-layout-flow wp-block-column-is-layout-flow\">\n<div class=\"wp-block-essential-blocks-advanced-heading\"><div class=\"eb-parent-wrapper eb-parent-eb-advance-heading-wejjczi \"><div class=\"eb-advance-heading-wrapper eb-advance-heading-wejjczi button-1\" data-id=\"eb-advance-heading-wejjczi\"><h2 class=\"eb-ah-title\">Servicios y Actividades<\/h2><\/div><\/div><\/div>\n\n\n\n<div class=\"wp-block-group is-layout-constrained wp-block-group-is-layout-constrained\">\n<p class=\"blockart-paragraph blockart-paragraph-c07d7649\">Empoderamos a la juventud e impactamos la comunidad con un programa de desarrollo social basado en actividades fijas, libres y servicios enfocados en las necesidades de los ni\u00f1os y j\u00f3venes.<\/p>\n<\/div>\n\n\n\n<div class=\"blockart-buttons blockart-buttons-9779269a is-wrap justify-center\">\n<div class=\"blockart-button blockart-button-8f59756d \"><a class=\"blockart-button-link is-large is-style-filled\" href=\"https:\/\/exalumnasesclavas.org\/blog\/?page_id=3000\">Leer m\u00e1s<\/a><\/div>\n<\/div>\n<\/div>\n<\/div>\n\n\n\n<div class=\"wp-block-columns alignwide has-background is-layout-flex wp-container-core-columns-is-layout-28f84493 wp-block-columns-is-layout-flex\" style=\"background-color:#082e6d\">\n<div class=\"wp-block-column is-vertically-aligned-center is-layout-flow wp-block-column-is-layout-flow\">\n<div class=\"wp-block-essential-blocks-advanced-heading\"><div class=\"eb-parent-wrapper eb-parent-eb-advance-heading-kvfcg6x \"><div class=\"eb-advance-heading-wrapper eb-advance-heading-kvfcg6x button-1\" data-id=\"eb-advance-heading-kvfcg6x\"><h2 class=\"eb-ah-title\">Desarrollo del Centro<\/h2><\/div><\/div><\/div>\n\n\n\n<div class=\"wp-block-group is-layout-constrained wp-block-group-is-layout-constrained\">\n<p class=\"blockart-paragraph blockart-paragraph-851ffab2\">Nuestro Centro funciona desde 1998 gracias a un grupo de personas preocupadas por el bienestar de los ni\u00f1os y j\u00f3venes de Las Ma\u00f1anitas. Desde entonces, hemos trabajado en distintas iniciativas que han impactado positivamente la vida de muchas personas de esa comunidad.<\/p>\n<\/div>\n\n\n\n<div class=\"blockart-buttons blockart-buttons-9779269a is-wrap justify-center\">\n<div class=\"blockart-button blockart-button-8f59756d \"><a class=\"blockart-button-link is-large is-style-filled\" href=\"https:\/\/exalumnasesclavas.org\/blog\/?page_id=1984\">Conocer la historia del Centro<\/a><\/div>\n<\/div>\n<\/div>\n\n\n\n<div class=\"wp-block-column is-layout-flow wp-block-column-is-layout-flow\">\n<div class=\"wp-block-group alignwide is-layout-constrained wp-block-group-is-layout-constrained\">\n<div class=\"wp-block-group is-layout-constrained wp-block-group-is-layout-constrained\">\n<div class=\"wp-block-group is-layout-constrained wp-container-core-group-is-layout-12243e0f wp-block-group-is-layout-constrained\">\n<div class=\"wp-block-group alignfull is-layout-constrained wp-block-group-is-layout-constrained\">\n<div class=\"blockart-image blockart-image-d49e253a\"><img loading=\"lazy\" decoding=\"async\" data-attachment-id=\"3323\" data-permalink=\"https:\/\/exalumnasesclavas.org\/blog\/?attachment_id=3323\" data-orig-file=\"https:\/\/exalumnasesclavas.org\/blog\/wp-content\/uploads\/2023\/05\/f1334736.jpg\" data-orig-size=\"1280,960\" data-comments-opened=\"0\" data-image-meta=\"{&quot;aperture&quot;:&quot;0&quot;,&quot;credit&quot;:&quot;&quot;,&quot;camera&quot;:&quot;&quot;,&quot;caption&quot;:&quot;&quot;,&quot;created_timestamp&quot;:&quot;0&quot;,&quot;copyright&quot;:&quot;&quot;,&quot;focal_length&quot;:&quot;0&quot;,&quot;iso&quot;:&quot;0&quot;,&quot;shutter_speed&quot;:&quot;0&quot;,&quot;title&quot;:&quot;&quot;,&quot;orientation&quot;:&quot;0&quot;}\" data-image-title=\"f1334736\" data-image-description=\"\" data-image-caption=\"\" data-medium-file=\"https:\/\/exalumnasesclavas.org\/blog\/wp-content\/uploads\/2023\/05\/f1334736-300x225.jpg\" data-large-file=\"https:\/\/exalumnasesclavas.org\/blog\/wp-content\/uploads\/2023\/05\/f1334736-1024x768.jpg\" class=\"wp-image-3323\" src=\"https:\/\/exalumnasesclavas.org\/blog\/wp-content\/uploads\/2023\/05\/f1334736.jpg\" alt=\"\" height=\"960\" width=\"1280\" srcset=\"https:\/\/exalumnasesclavas.org\/blog\/wp-content\/uploads\/2023\/05\/f1334736.jpg 1280w, https:\/\/exalumnasesclavas.org\/blog\/wp-content\/uploads\/2023\/05\/f1334736-300x225.jpg 300w, https:\/\/exalumnasesclavas.org\/blog\/wp-content\/uploads\/2023\/05\/f1334736-1024x768.jpg 1024w, https:\/\/exalumnasesclavas.org\/blog\/wp-content\/uploads\/2023\/05\/f1334736-768x576.jpg 768w\" sizes=\"auto, (max-width: 1280px) 100vw, 1280px\" \/><\/div>\n<\/div>\n<\/div>\n<\/div>\n<\/div>\n<\/div>\n<\/div>\n\n\n\n<div class=\"wp-block-essential-blocks-slider\"><div class=\"eb-parent-wrapper eb-parent-eb-slider-auxm9hs \"><div class=\"eb-slider-wrapper eb-slider-auxm9hs\" data-settings=\"{&quot;arrows&quot;:true,&quot;adaptiveHeight&quot;:false,&quot;autoplay&quot;:true,&quot;autoplaySpeed&quot;:3000,&quot;dots&quot;:false,&quot;fade&quot;:false,&quot;infinite&quot;:true,&quot;pauseOnHover&quot;:true,&quot;slidesToShow&quot;:1,&quot;speed&quot;:500,&quot;initialSlide&quot;:0,&quot;vertical&quot;:false,&quot;responsive&quot;:[{&quot;breakpoint&quot;:1025,&quot;settings&quot;:{&quot;slidesToShow&quot;:1}},{&quot;breakpoint&quot;:767,&quot;settings&quot;:{&quot;slidesToShow&quot;:1}}]}\" data-images=\"[{&quot;url&quot;:&quot;https:\/\/exalumnasesclavas.org\/blog\/wp-content\/uploads\/2023\/05\/118c2ae53e-7270-4255-9a88-6df60ab7654f.jpg&quot;,&quot;alt&quot;:&quot;&quot;,&quot;id&quot;:0,&quot;imageId&quot;:3766,&quot;caption&quot;:&quot;&quot;,&quot;title&quot;:&quot;Slider 2&quot;,&quot;subtitle&quot;:&quot;Essential Blocks Slider Subtitle&quot;,&quot;showButton&quot;:true,&quot;buttonText&quot;:&quot;See More&quot;,&quot;buttonUrl&quot;:&quot;&quot;,&quot;openNewTab&quot;:false,&quot;isValidUrl&quot;:true},{&quot;url&quot;:&quot;https:\/\/exalumnasesclavas.org\/blog\/wp-content\/uploads\/2023\/05\/70243817_2962879780406433_1813951786466148352_n.jpg&quot;,&quot;alt&quot;:&quot;&quot;,&quot;id&quot;:1,&quot;imageId&quot;:3770,&quot;caption&quot;:&quot;&quot;,&quot;title&quot;:&quot;Slider 5&quot;,&quot;subtitle&quot;:&quot;Essential Blocks Slider Subtitle&quot;,&quot;showButton&quot;:true,&quot;buttonText&quot;:&quot;See More&quot;,&quot;buttonUrl&quot;:&quot;&quot;,&quot;openNewTab&quot;:false,&quot;isValidUrl&quot;:true},{&quot;url&quot;:&quot;https:\/\/exalumnasesclavas.org\/blog\/wp-content\/uploads\/2023\/05\/172889223_3082759211751822_5671932509722509312_n.jpg&quot;,&quot;alt&quot;:&quot;&quot;,&quot;id&quot;:2,&quot;imageId&quot;:3764,&quot;caption&quot;:&quot;&quot;,&quot;title&quot;:&quot;Slider 11&quot;,&quot;subtitle&quot;:&quot;Essential Blocks Slider Subtitle&quot;,&quot;showButton&quot;:true,&quot;buttonText&quot;:&quot;See More&quot;,&quot;buttonUrl&quot;:&quot;&quot;,&quot;openNewTab&quot;:false,&quot;isValidUrl&quot;:true},{&quot;url&quot;:&quot;https:\/\/exalumnasesclavas.org\/blog\/wp-content\/uploads\/2023\/05\/2b434cfd7-47ee-46a9-9fc2-8e06a773bd87.jpg&quot;,&quot;alt&quot;:&quot;&quot;,&quot;id&quot;:3,&quot;imageId&quot;:3787,&quot;caption&quot;:&quot;&quot;,&quot;title&quot;:&quot;Slider 14&quot;,&quot;subtitle&quot;:&quot;Essential Blocks Slider Subtitle&quot;,&quot;showButton&quot;:true,&quot;buttonText&quot;:&quot;See More&quot;,&quot;buttonUrl&quot;:&quot;&quot;,&quot;openNewTab&quot;:false,&quot;isValidUrl&quot;:true},{&quot;url&quot;:&quot;https:\/\/exalumnasesclavas.org\/blog\/wp-content\/uploads\/2023\/05\/84439735_3324902360870838_1666702367480872960_n.jpg&quot;,&quot;alt&quot;:&quot;&quot;,&quot;id&quot;:4,&quot;imageId&quot;:3773,&quot;caption&quot;:&quot;&quot;,&quot;title&quot;:&quot;Slider 8&quot;,&quot;subtitle&quot;:&quot;Essential Blocks Slider Subtitle&quot;,&quot;showButton&quot;:true,&quot;buttonText&quot;:&quot;See More&quot;,&quot;buttonUrl&quot;:&quot;&quot;,&quot;openNewTab&quot;:false,&quot;isValidUrl&quot;:true},{&quot;url&quot;:&quot;https:\/\/exalumnasesclavas.org\/blog\/wp-content\/uploads\/2023\/05\/69618111_2960652367295841_641658562015133696_n.jpg&quot;,&quot;alt&quot;:&quot;&quot;,&quot;id&quot;:5,&quot;imageId&quot;:3782,&quot;caption&quot;:&quot;&quot;,&quot;title&quot;:&quot;Slider 12&quot;,&quot;subtitle&quot;:&quot;Essential Blocks Slider Subtitle&quot;,&quot;showButton&quot;:true,&quot;buttonText&quot;:&quot;See More&quot;,&quot;buttonUrl&quot;:&quot;&quot;,&quot;openNewTab&quot;:false,&quot;isValidUrl&quot;:true},{&quot;url&quot;:&quot;https:\/\/exalumnasesclavas.org\/blog\/wp-content\/uploads\/2023\/05\/83891513_3293643570663384_6601670638702690304_n.jpg&quot;,&quot;alt&quot;:&quot;&quot;,&quot;id&quot;:6,&quot;imageId&quot;:3788,&quot;caption&quot;:&quot;&quot;,&quot;title&quot;:&quot;Slider 15&quot;,&quot;subtitle&quot;:&quot;Essential Blocks Slider Subtitle&quot;,&quot;showButton&quot;:true,&quot;buttonText&quot;:&quot;See More&quot;,&quot;buttonUrl&quot;:&quot;&quot;,&quot;openNewTab&quot;:false,&quot;isValidUrl&quot;:true},{&quot;url&quot;:&quot;https:\/\/exalumnasesclavas.org\/blog\/wp-content\/uploads\/2023\/05\/175627482_3116589961702080_4461405920194199552_n-1.jpg&quot;,&quot;alt&quot;:&quot;&quot;,&quot;id&quot;:7,&quot;imageId&quot;:3785,&quot;caption&quot;:&quot;&quot;,&quot;title&quot;:&quot;Slider 16&quot;,&quot;subtitle&quot;:&quot;Essential Blocks Slider Subtitle&quot;,&quot;showButton&quot;:true,&quot;buttonText&quot;:&quot;See More&quot;,&quot;buttonUrl&quot;:&quot;&quot;,&quot;openNewTab&quot;:false,&quot;isValidUrl&quot;:true},{&quot;url&quot;:&quot;https:\/\/exalumnasesclavas.org\/blog\/wp-content\/uploads\/2023\/05\/70133977_2982706115090466_9192079180014026752_n-1.jpg&quot;,&quot;alt&quot;:&quot;&quot;,&quot;id&quot;:8,&quot;imageId&quot;:3783,&quot;caption&quot;:&quot;&quot;,&quot;title&quot;:&quot;Slider 13&quot;,&quot;subtitle&quot;:&quot;Essential Blocks Slider Subtitle&quot;,&quot;showButton&quot;:true,&quot;buttonText&quot;:&quot;See More&quot;,&quot;buttonUrl&quot;:&quot;&quot;,&quot;openNewTab&quot;:false,&quot;isValidUrl&quot;:true},{&quot;url&quot;:&quot;https:\/\/exalumnasesclavas.org\/blog\/wp-content\/uploads\/2023\/05\/78840348_3185799768114432_6908098705388208128_n.jpg&quot;,&quot;alt&quot;:&quot;&quot;,&quot;id&quot;:9,&quot;imageId&quot;:3772,&quot;caption&quot;:&quot;&quot;,&quot;title&quot;:&quot;Slider 7&quot;,&quot;subtitle&quot;:&quot;Essential Blocks Slider Subtitle&quot;,&quot;showButton&quot;:true,&quot;buttonText&quot;:&quot;See More&quot;,&quot;buttonUrl&quot;:&quot;&quot;,&quot;openNewTab&quot;:false,&quot;isValidUrl&quot;:true},{&quot;url&quot;:&quot;https:\/\/exalumnasesclavas.org\/blog\/wp-content\/uploads\/2023\/05\/183885527_3293645590663182_1024215259029700608_n-1.jpg&quot;,&quot;alt&quot;:&quot;&quot;,&quot;id&quot;:10,&quot;imageId&quot;:3784,&quot;caption&quot;:&quot;&quot;,&quot;title&quot;:&quot;Slider 11&quot;,&quot;subtitle&quot;:&quot;Essential Blocks Slider Subtitle&quot;,&quot;showButton&quot;:true,&quot;buttonText&quot;:&quot;See More&quot;,&quot;buttonUrl&quot;:&quot;&quot;,&quot;openNewTab&quot;:false,&quot;isValidUrl&quot;:true}]\" data-slidercontenttype=\"content-1\" data-slidertype=\"image\" data-textalign=\"left\"><div class=\"image\"><div class=\"eb-slider-item content-1\"><img decoding=\"async\" class=\"eb-slider-image\" src=\"https:\/\/exalumnasesclavas.org\/blog\/wp-content\/uploads\/2023\/05\/118c2ae53e-7270-4255-9a88-6df60ab7654f.jpg\"\/><\/div><div class=\"eb-slider-item content-1\"><img decoding=\"async\" class=\"eb-slider-image\" src=\"https:\/\/exalumnasesclavas.org\/blog\/wp-content\/uploads\/2023\/05\/70243817_2962879780406433_1813951786466148352_n.jpg\"\/><\/div><div class=\"eb-slider-item content-1\"><img decoding=\"async\" class=\"eb-slider-image\" src=\"https:\/\/exalumnasesclavas.org\/blog\/wp-content\/uploads\/2023\/05\/172889223_3082759211751822_5671932509722509312_n.jpg\"\/><\/div><div class=\"eb-slider-item content-1\"><img decoding=\"async\" class=\"eb-slider-image\" src=\"https:\/\/exalumnasesclavas.org\/blog\/wp-content\/uploads\/2023\/05\/2b434cfd7-47ee-46a9-9fc2-8e06a773bd87.jpg\"\/><\/div><div class=\"eb-slider-item content-1\"><img decoding=\"async\" class=\"eb-slider-image\" src=\"https:\/\/exalumnasesclavas.org\/blog\/wp-content\/uploads\/2023\/05\/84439735_3324902360870838_1666702367480872960_n.jpg\"\/><\/div><div class=\"eb-slider-item content-1\"><img decoding=\"async\" class=\"eb-slider-image\" src=\"https:\/\/exalumnasesclavas.org\/blog\/wp-content\/uploads\/2023\/05\/69618111_2960652367295841_641658562015133696_n.jpg\"\/><\/div><div class=\"eb-slider-item content-1\"><img decoding=\"async\" class=\"eb-slider-image\" src=\"https:\/\/exalumnasesclavas.org\/blog\/wp-content\/uploads\/2023\/05\/83891513_3293643570663384_6601670638702690304_n.jpg\"\/><\/div><div class=\"eb-slider-item content-1\"><img decoding=\"async\" class=\"eb-slider-image\" src=\"https:\/\/exalumnasesclavas.org\/blog\/wp-content\/uploads\/2023\/05\/175627482_3116589961702080_4461405920194199552_n-1.jpg\"\/><\/div><div class=\"eb-slider-item content-1\"><img decoding=\"async\" class=\"eb-slider-image\" src=\"https:\/\/exalumnasesclavas.org\/blog\/wp-content\/uploads\/2023\/05\/70133977_2982706115090466_9192079180014026752_n-1.jpg\"\/><\/div><div class=\"eb-slider-item content-1\"><img decoding=\"async\" class=\"eb-slider-image\" src=\"https:\/\/exalumnasesclavas.org\/blog\/wp-content\/uploads\/2023\/05\/78840348_3185799768114432_6908098705388208128_n.jpg\"\/><\/div><div class=\"eb-slider-item content-1\"><img decoding=\"async\" class=\"eb-slider-image\" src=\"https:\/\/exalumnasesclavas.org\/blog\/wp-content\/uploads\/2023\/05\/183885527_3293645590663182_1024215259029700608_n-1.jpg\"\/><\/div><\/div><\/div><\/div><\/div>\n\n\n\n<div class=\"wp-block-essential-blocks-call-to-action\"><div class=\"eb-parent-wrapper eb-parent-eb-call-to-action-vua3ngk \"><div class=\"eb-cia-wrapper eb-call-to-action-vua3ngk\" data-icon=\"far fa-heart\"><div class=\"eb-cia-text-wrapper\"><div class=\"eb-cia-icon far fa-heart\"><\/div><h3 class=\"eb-cia-title\">Tu ayuda es importante<\/h3><p class=\"eb-cia-description\">Contribuye a que estos j\u00f3venes tengan un futuro prometedor, apoyando nuestro Centro y d\u00e1ndoles la oportunidad de salir adelante.<\/p><\/div><div class=\"eb-cia-button-wrapper\"><a href=\"\" target=\"_self\" rel=\"noopener\"><div class=\"eb-cia-button is-large\">Button Text<\/div><\/a><\/div><\/div><\/div><\/div>\n","protected":false},"excerpt":{"rendered":"<p>Trabajamos con el prop\u00f3sito de estimular en los participantes las posibilidades de cambio y mejora para lograr la transformaci\u00f3n de su entorno. \u00abEste proyecto ha puesto a disposici\u00f3n de los ni\u00f1os y j\u00f3venes del \u00e1rea un espacio donde pueden reunirse a realizar desde tareas escolares a actividades recreativas de diferente tipo (culturales, deportivas, sociales, etc.). [&hellip;]<\/p>\n","protected":false},"author":1,"featured_media":0,"parent":0,"menu_order":2,"comment_status":"closed","ping_status":"closed","template":"","meta":{"_eb_attr":"","_mi_skip_tracking":false,"footnotes":""},"categories":[],"tags":[],"class_list":["post-2","page","type-page","status-publish","hentry"],"aioseo_notices":[],"jetpack_shortlink":"https:\/\/wp.me\/PaFKez-2","jetpack_sharing_enabled":true,"_links":{"self":[{"href":"https:\/\/exalumnasesclavas.org\/blog\/index.php?rest_route=\/wp\/v2\/pages\/2","targetHints":{"allow":["GET"]}}],"collection":[{"href":"https:\/\/exalumnasesclavas.org\/blog\/index.php?rest_route=\/wp\/v2\/pages"}],"about":[{"href":"https:\/\/exalumnasesclavas.org\/blog\/index.php?rest_route=\/wp\/v2\/types\/page"}],"author":[{"embeddable":true,"href":"https:\/\/exalumnasesclavas.org\/blog\/index.php?rest_route=\/wp\/v2\/users\/1"}],"replies":[{"embeddable":true,"href":"https:\/\/exalumnasesclavas.org\/blog\/index.php?rest_route=%2Fwp%2Fv2%2Fcomments&post=2"}],"version-history":[{"count":77,"href":"https:\/\/exalumnasesclavas.org\/blog\/index.php?rest_route=\/wp\/v2\/pages\/2\/revisions"}],"predecessor-version":[{"id":4228,"href":"https:\/\/exalumnasesclavas.org\/blog\/index.php?rest_route=\/wp\/v2\/pages\/2\/revisions\/4228"}],"wp:attachment":[{"href":"https:\/\/exalumnasesclavas.org\/blog\/index.php?rest_route=%2Fwp%2Fv2%2Fmedia&parent=2"}],"wp:term":[{"taxonomy":"category","embeddable":true,"href":"https:\/\/exalumnasesclavas.org\/blog\/index.php?rest_route=%2Fwp%2Fv2%2Fcategories&post=2"},{"taxonomy":"post_tag","embeddable":true,"href":"https:\/\/exalumnasesclavas.org\/blog\/index.php?rest_route=%2Fwp%2Fv2%2Ftags&post=2"}],"curies":[{"name":"wp","href":"https:\/\/api.w.org\/{rel}","templated":true}]}}