{"id":3000,"date":"2023-04-30T19:31:25","date_gmt":"2023-05-01T00:31:25","guid":{"rendered":"https:\/\/exalumnasesclavas.org\/blog\/?page_id=3000"},"modified":"2025-06-23T21:37:20","modified_gmt":"2025-06-24T02:37:20","slug":"comunidad-beneficiada","status":"publish","type":"page","link":"https:\/\/exalumnasesclavas.org\/blog\/?page_id=3000","title":{"rendered":"Servicios y Actividades"},"content":{"rendered":"\n<div class=\"wp-block-group alignfull is-layout-constrained wp-block-group-is-layout-constrained\">\n<div class=\"wp-block-group alignfull is-layout-constrained wp-block-group-is-layout-constrained\">\n<p class=\"has-medium-font-size\">En el Centro Juvenil y Biblioteca Las Ma\u00f1anitas ofrecemos un lugar seguro y seguimos una filosof\u00eda de aprendizaje basada en el juego y actividades recreativas guiadas, complementadas con afianzamiento escolar, apoyo educativo y psicosocial. El objetivo es apoyar su crecimiento personal, integraci\u00f3n social y formaci\u00f3n acad\u00e9mica. Tambi\u00e9n brindamos orientaci\u00f3n y talleres a padres de familia y adultos de la comunidad.<\/p>\n\n\n\n<p class=\"has-medium-font-size\">Nos esforzamos en empoderar a los ni\u00f1os y j\u00f3venes e impactamos la comunidad a trav\u00e9s de nuestras actividades y servicios.<\/p>\n\n\n\n<p class=\"has-large-font-size\">Servicios<\/p>\n\n\n\n<div class=\"blockart-image blockart-image-7e99716c\"><img loading=\"lazy\" decoding=\"async\" data-attachment-id=\"3744\" data-permalink=\"https:\/\/exalumnasesclavas.org\/blog\/?attachment_id=3744\" data-orig-file=\"https:\/\/exalumnasesclavas.org\/blog\/wp-content\/uploads\/2023\/05\/1b1d41b84b-2c50-4f9c-9b59-87ac058f6fba.jpg\" data-orig-size=\"768,831\" data-comments-opened=\"0\" data-image-meta=\"{&quot;aperture&quot;:&quot;0&quot;,&quot;credit&quot;:&quot;&quot;,&quot;camera&quot;:&quot;&quot;,&quot;caption&quot;:&quot;&quot;,&quot;created_timestamp&quot;:&quot;0&quot;,&quot;copyright&quot;:&quot;&quot;,&quot;focal_length&quot;:&quot;0&quot;,&quot;iso&quot;:&quot;0&quot;,&quot;shutter_speed&quot;:&quot;0&quot;,&quot;title&quot;:&quot;&quot;,&quot;orientation&quot;:&quot;0&quot;}\" data-image-title=\"1b1d41b84b-2c50-4f9c-9b59-87ac058f6fba\" data-image-description=\"\" data-image-caption=\"\" data-medium-file=\"https:\/\/exalumnasesclavas.org\/blog\/wp-content\/uploads\/2023\/05\/1b1d41b84b-2c50-4f9c-9b59-87ac058f6fba-277x300.jpg\" data-large-file=\"https:\/\/exalumnasesclavas.org\/blog\/wp-content\/uploads\/2023\/05\/1b1d41b84b-2c50-4f9c-9b59-87ac058f6fba.jpg\" class=\"wp-image-3744\" src=\"https:\/\/exalumnasesclavas.org\/blog\/wp-content\/uploads\/2023\/05\/1b1d41b84b-2c50-4f9c-9b59-87ac058f6fba.jpg\" alt=\"\" height=\"831\" width=\"768\" srcset=\"https:\/\/exalumnasesclavas.org\/blog\/wp-content\/uploads\/2023\/05\/1b1d41b84b-2c50-4f9c-9b59-87ac058f6fba.jpg 768w, https:\/\/exalumnasesclavas.org\/blog\/wp-content\/uploads\/2023\/05\/1b1d41b84b-2c50-4f9c-9b59-87ac058f6fba-277x300.jpg 277w\" sizes=\"auto, (max-width: 768px) 100vw, 768px\" \/><\/div>\n\n\n\n<p class=\"has-medium-font-size\">El Centro presta los siguientes servicios:<\/p>\n\n\n\n<ul class=\"wp-block-list has-medium-font-size\">\n<li>Afianzamiento acad\u00e9mico y ayuda efectiva en la elaboraci\u00f3n de tareas escolares<\/li>\n\n\n\n<li>Material educativo, incluyendo libros de texto y de consulta<\/li>\n\n\n\n<li>Actividades como talleres, eventos culturales, deportes, excursiones y otras experiencias extracurriculares. <\/li>\n\n\n\n<li>Acceso a internet y computadoras, incluyendo el acceso a recursos did\u00e1cticos en l\u00ednea y juegos did\u00e1cticos<\/li>\n\n\n\n<li>Servicios como: consejer\u00eda, orientaci\u00f3n y gu\u00eda ante situaciones dif\u00edciles; terapia de lenguaje.<\/li>\n<\/ul>\n\n\n\n<p class=\"has-large-font-size\">Actividades<\/p>\n\n\n\n<div class=\"wp-block-columns alignwide is-layout-flex wp-container-core-columns-is-layout-d7d455e7 wp-block-columns-is-layout-flex\" style=\"border-style:none;border-width:0px;padding-top:0;padding-right:0;padding-bottom:0;padding-left:0\">\n<div class=\"wp-block-column is-vertically-aligned-center has-small-font-size is-layout-constrained wp-container-core-column-is-layout-3b3a41fd wp-block-column-is-layout-constrained\" style=\"border-style:none;border-width:0px;padding-top:0em;padding-right:0em;padding-bottom:0em;padding-left:0em\">\n<p class=\"has-medium-font-size\">Ofrecemos un programa de actividades diversificado que incluye tanto actividades fijas como opciones de actividades libres.<\/p>\n\n\n\n<p class=\"has-medium-font-size\">Entre las actividades para ni\u00f1os y j\u00f3venes, contamos con curso de ingl\u00e9s, arte, m\u00fasica, karate y otros deportes, entre otras. Adem\u00e1s, con el apoyo de estudiantes de servicio social de la USMA brindamos refuerzo escolar durante la semana y con el apoyo de las estudiantes del Colegio Las Esclavas ofrecemos actividades l\u00fadicas los s\u00e1bados. Los beneficiarios tambi\u00e9n participan de excursiones, talleres y otras actividades fuera del Centro, como el campamento de verano de las Damas Guadalupanas y el del Club de Leones.<\/p>\n\n\n\n<p class=\"has-medium-font-size\">Nuestro programa continuo de actividades l\u00fadicas que combinan el aprendizaje con el juego, proporcionando un entorno seguro donde los ni\u00f1os pueden divertirse y recibir atenci\u00f3n afectuosa, manteni\u00e9ndolos alejados de las calles.<\/p>\n\n\n\n<p class=\"has-medium-font-size\">Para los adultos, ofrecemos actividades fijas como la Escuela para Padres, talleres de modister\u00eda y tembleques, brindando oportunidades de aprendizaje y desarrollo personal.<\/p>\n\n\n\n\n\n<div class=\"wp-block-essential-blocks-feature-list\"><div class=\"eb-parent-wrapper eb-parent-eb-feature-list-yqb0apg \"><div class=\"eb-feature-list-yqb0apg eb-feature-list-wrapper -icon-position-left -tablet-icon-position-left -mobile-icon-position-left eb-feature-list-left\"><ul class=\"eb-feature-list-items none\"><li class=\"eb-feature-list-item\" data-new-tab=\"false\" data-icon-type=\"image\" data-image=\"https:\/\/exalumnasesclavas.org\/blog\/wp-content\/uploads\/2024\/09\/Educativa1.jpg\" data-image-id=\"5167\" data-icon=\"\" data-link=\"\" data-alt=\"\" data-title=\"Educativa1\"><div class=\"eb-feature-list-icon-box\"><div class=\"eb-feature-list-icon-inner\"><span class=\"eb-feature-list-icon\"><img decoding=\"async\" class=\"eb-feature-list-img\" src=\"https:\/\/exalumnasesclavas.org\/blog\/wp-content\/uploads\/2024\/09\/Educativa1.jpg\" alt=\"Educativa1\"\/><\/span><\/div><\/div><div class=\"eb-feature-list-content-box\"><h3 class=\"eb-feature-list-title\">Educativas<\/h3><p class=\"eb-feature-list-content\">Buscan reforzar el aprendizaje de los j\u00f3venes en diferentes \u00e1reas del conocimiento, como matem\u00e1ticas, ciencias y lenguaje, mediante clases de reforzamiento, din\u00e1micas y actividades l\u00fadicas.<\/p><\/div><\/li><li class=\"eb-feature-list-item\" data-new-tab=\"false\" data-icon-type=\"image\" data-image=\"https:\/\/exalumnasesclavas.org\/blog\/wp-content\/uploads\/2024\/09\/Cultural1-1.jpg\" data-image-id=\"5178\" data-icon=\"\" data-icon-color=\"\" data-link=\"\" data-alt=\"\" data-title=\"Cultural1\"><div class=\"eb-feature-list-icon-box\"><div class=\"eb-feature-list-icon-inner\"><span class=\"eb-feature-list-icon\" style=\"color:\"><img decoding=\"async\" class=\"eb-feature-list-img\" src=\"https:\/\/exalumnasesclavas.org\/blog\/wp-content\/uploads\/2024\/09\/Cultural1-1.jpg\" alt=\"Cultural1\"\/><\/span><\/div><\/div><div class=\"eb-feature-list-content-box\"><h3 class=\"eb-feature-list-title\">Culturales<\/h3><p class=\"eb-feature-list-content\">Incluyen talleres de m\u00fasica, teatro, danza y artes pl\u00e1sticas, para fomentar la creatividad, la expresi\u00f3n art\u00edstica y el conocimiento de otras culturas.<\/p><\/div><\/li><li class=\"eb-feature-list-item\" data-new-tab=\"false\" data-icon-type=\"image\" data-image=\"https:\/\/exalumnasesclavas.org\/blog\/wp-content\/uploads\/2024\/09\/Deporte1.jpg\" data-image-id=\"5175\" data-icon=\"fas fa-anchor\" data-icon-color=\"\" data-link=\"\" data-alt=\"\" data-title=\"Deporte1\"><div class=\"eb-feature-list-icon-box\"><div class=\"eb-feature-list-icon-inner\"><span class=\"eb-feature-list-icon\" style=\"color:\"><img decoding=\"async\" class=\"eb-feature-list-img\" src=\"https:\/\/exalumnasesclavas.org\/blog\/wp-content\/uploads\/2024\/09\/Deporte1.jpg\" alt=\"Deporte1\"\/><\/span><\/div><\/div><div class=\"eb-feature-list-content-box\"><h3 class=\"eb-feature-list-title\">Deportivas<\/h3><p class=\"eb-feature-list-content\">Pr\u00e1ctica de diferentes deportes, como f\u00fatbol, baloncesto, karate y beisbol, para promover el trabajo en equipo, la disciplina y la salud f\u00edsica.<\/p><\/div><\/li><li class=\"eb-feature-list-item\" data-new-tab=\"false\" data-icon-type=\"image\" data-image=\"https:\/\/exalumnasesclavas.org\/blog\/wp-content\/uploads\/2023\/05\/Recreo.jpg\" data-image-id=\"3364\" data-icon=\"fas fa-check\" data-icon-color=\"\" data-link=\"\" data-alt=\"\" data-title=\"Recreo\"><div class=\"eb-feature-list-icon-box\"><div class=\"eb-feature-list-icon-inner\"><span class=\"eb-feature-list-icon\" style=\"color:\"><img decoding=\"async\" class=\"eb-feature-list-img\" src=\"https:\/\/exalumnasesclavas.org\/blog\/wp-content\/uploads\/2023\/05\/Recreo.jpg\" alt=\"Recreo\"\/><\/span><\/div><\/div><div class=\"eb-feature-list-content-box\"><h3 class=\"eb-feature-list-title\">Recreativas<\/h3><p class=\"eb-feature-list-content\">Buscan distraer y entretener a los j\u00f3venes, como juegos de mesa, cine, paseos y excursiones.<\/p><\/div><\/li><li class=\"eb-feature-list-item\" data-new-tab=\"false\" data-icon-type=\"image\" data-image=\"https:\/\/exalumnasesclavas.org\/blog\/wp-content\/uploads\/2024\/09\/Psicosocial1.jpg\" data-image-id=\"5168\" data-icon=\"fas fa-check\" data-icon-color=\"\" data-link=\"\" data-alt=\"\" data-title=\"Psicosocial1\"><div class=\"eb-feature-list-icon-box\"><div class=\"eb-feature-list-icon-inner\"><span class=\"eb-feature-list-icon\" style=\"color:\"><img decoding=\"async\" class=\"eb-feature-list-img\" src=\"https:\/\/exalumnasesclavas.org\/blog\/wp-content\/uploads\/2024\/09\/Psicosocial1.jpg\" alt=\"Psicosocial1\"\/><\/span><\/div><\/div><div class=\"eb-feature-list-content-box\"><h3 class=\"eb-feature-list-title\">Psicosociales<\/h3><p class=\"eb-feature-list-content\">Talleres, charlas, conversatorios y din\u00e1micas de grupo, para ayudar a los j\u00f3venes, fomentando el desarrollo de habilidades sociales y emocionales.<\/p><\/div><\/li><li class=\"eb-feature-list-item\" data-new-tab=\"false\" data-icon-type=\"image\" data-image=\"https:\/\/exalumnasesclavas.org\/blog\/wp-content\/uploads\/2024\/09\/Capacitacion1.jpg\" data-image-id=\"5165\" data-icon=\"fas fa-check\" data-icon-color=\"\" data-link=\"\" data-alt=\"\" data-title=\"Capacitacion1\"><div class=\"eb-feature-list-icon-box\"><div class=\"eb-feature-list-icon-inner\"><span class=\"eb-feature-list-icon\" style=\"color:\"><img decoding=\"async\" class=\"eb-feature-list-img\" src=\"https:\/\/exalumnasesclavas.org\/blog\/wp-content\/uploads\/2024\/09\/Capacitacion1.jpg\" alt=\"Capacitacion1\"\/><\/span><\/div><\/div><div class=\"eb-feature-list-content-box\"><h3 class=\"eb-feature-list-title\">Capacitaci\u00f3n<\/h3><p class=\"eb-feature-list-content\">Talleres, cursos y asesor\u00edas que desarrollen competencias laborales y personales, mejorando las oportunidades de empleo y promoviendo el crecimiento individual.<\/p><\/div><\/li><\/ul><\/div><\/div><\/div>\n<\/div>\n<\/div>\n<\/div>\n<\/div>\n\n\n\n<div class=\"wp-block-essential-blocks-slider\"><div class=\"eb-parent-wrapper eb-parent-eb-slider-ycogf4r \"><div class=\"eb-slider-wrapper eb-slider-ycogf4r\" data-settings=\"{&quot;arrows&quot;:true,&quot;adaptiveHeight&quot;:false,&quot;autoplay&quot;:true,&quot;autoplaySpeed&quot;:3000,&quot;dots&quot;:false,&quot;fade&quot;:false,&quot;infinite&quot;:true,&quot;pauseOnHover&quot;:true,&quot;slidesToShow&quot;:2,&quot;speed&quot;:500,&quot;initialSlide&quot;:1,&quot;vertical&quot;:false,&quot;responsive&quot;:[{&quot;breakpoint&quot;:1025,&quot;settings&quot;:{&quot;slidesToShow&quot;:2}},{&quot;breakpoint&quot;:767,&quot;settings&quot;:{&quot;slidesToShow&quot;:2}}]}\" data-images=\"[{&quot;url&quot;:&quot;https:\/\/exalumnasesclavas.org\/blog\/wp-content\/uploads\/2023\/05\/78942789_3143165755711167_4557810292263747584_n-1.jpg&quot;,&quot;alt&quot;:&quot;&quot;,&quot;id&quot;:0,&quot;imageId&quot;:3462,&quot;caption&quot;:&quot;&quot;,&quot;title&quot;:&quot;Slider 1&quot;,&quot;subtitle&quot;:&quot;Essential Blocks Slider Subtitle&quot;,&quot;showButton&quot;:true,&quot;buttonText&quot;:&quot;See More&quot;,&quot;buttonUrl&quot;:&quot;&quot;,&quot;openNewTab&quot;:false,&quot;isValidUrl&quot;:true},{&quot;url&quot;:&quot;https:\/\/exalumnasesclavas.org\/blog\/wp-content\/uploads\/2023\/05\/87938934_3363643013663439_1437900925522935808_n.jpg&quot;,&quot;alt&quot;:&quot;&quot;,&quot;id&quot;:1,&quot;imageId&quot;:3601,&quot;caption&quot;:&quot;&quot;,&quot;title&quot;:&quot;Slider 8&quot;,&quot;subtitle&quot;:&quot;Essential Blocks Slider Subtitle&quot;,&quot;showButton&quot;:true,&quot;buttonText&quot;:&quot;See More&quot;,&quot;buttonUrl&quot;:&quot;&quot;,&quot;openNewTab&quot;:false,&quot;isValidUrl&quot;:true},{&quot;url&quot;:&quot;https:\/\/exalumnasesclavas.org\/blog\/wp-content\/uploads\/2023\/05\/10eb66e23-7cb4-43e7-a44c-31481bb22377.jpg&quot;,&quot;alt&quot;:&quot;&quot;,&quot;id&quot;:2,&quot;imageId&quot;:3603,&quot;caption&quot;:&quot;&quot;,&quot;title&quot;:&quot;Slider 5&quot;,&quot;subtitle&quot;:&quot;Essential Blocks Slider Subtitle&quot;,&quot;showButton&quot;:true,&quot;buttonText&quot;:&quot;See More&quot;,&quot;buttonUrl&quot;:&quot;&quot;,&quot;openNewTab&quot;:false,&quot;isValidUrl&quot;:true},{&quot;url&quot;:&quot;https:\/\/exalumnasesclavas.org\/blog\/wp-content\/uploads\/2022\/03\/Cuenta-cuento-2.jpg&quot;,&quot;alt&quot;:&quot;&quot;,&quot;id&quot;:3,&quot;imageId&quot;:1751,&quot;caption&quot;:&quot;&quot;,&quot;title&quot;:&quot;Slider 4&quot;,&quot;subtitle&quot;:&quot;Essential Blocks Slider Subtitle&quot;,&quot;showButton&quot;:true,&quot;buttonText&quot;:&quot;See More&quot;,&quot;buttonUrl&quot;:&quot;&quot;,&quot;openNewTab&quot;:false,&quot;isValidUrl&quot;:true},{&quot;url&quot;:&quot;https:\/\/exalumnasesclavas.org\/blog\/wp-content\/uploads\/2023\/05\/183872382_3324907980870276_5143553512570880000_n.jpg&quot;,&quot;alt&quot;:&quot;&quot;,&quot;id&quot;:4,&quot;imageId&quot;:3586,&quot;caption&quot;:&quot;&quot;,&quot;title&quot;:&quot;Slider 8&quot;,&quot;subtitle&quot;:&quot;Essential Blocks Slider Subtitle&quot;,&quot;showButton&quot;:true,&quot;buttonText&quot;:&quot;See More&quot;,&quot;buttonUrl&quot;:&quot;&quot;,&quot;openNewTab&quot;:false,&quot;isValidUrl&quot;:true},{&quot;url&quot;:&quot;https:\/\/exalumnasesclavas.org\/blog\/wp-content\/uploads\/2023\/05\/1s0lblmz6pic7auroy20200708160523.jpg&quot;,&quot;alt&quot;:&quot;&quot;,&quot;id&quot;:5,&quot;imageId&quot;:3587,&quot;caption&quot;:&quot;&quot;,&quot;title&quot;:&quot;Slider 9&quot;,&quot;subtitle&quot;:&quot;Essential Blocks Slider Subtitle&quot;,&quot;showButton&quot;:true,&quot;buttonText&quot;:&quot;See More&quot;,&quot;buttonUrl&quot;:&quot;&quot;,&quot;openNewTab&quot;:false,&quot;isValidUrl&quot;:true},{&quot;url&quot;:&quot;https:\/\/exalumnasesclavas.org\/blog\/wp-content\/uploads\/2023\/05\/88220379_3363619186999155_1622392697421561856_n.jpg&quot;,&quot;alt&quot;:&quot;&quot;,&quot;id&quot;:6,&quot;imageId&quot;:3454,&quot;caption&quot;:&quot;&quot;,&quot;title&quot;:&quot;Slider 3&quot;,&quot;subtitle&quot;:&quot;Essential Blocks Slider Subtitle&quot;,&quot;showButton&quot;:true,&quot;buttonText&quot;:&quot;See More&quot;,&quot;buttonUrl&quot;:&quot;&quot;,&quot;openNewTab&quot;:false,&quot;isValidUrl&quot;:true},{&quot;url&quot;:&quot;https:\/\/exalumnasesclavas.org\/blog\/wp-content\/uploads\/2023\/05\/78227450_3185799184781157_8660746426478755840_n.jpg&quot;,&quot;alt&quot;:&quot;&quot;,&quot;id&quot;:7,&quot;imageId&quot;:3482,&quot;caption&quot;:&quot;&quot;,&quot;title&quot;:&quot;Slider 5&quot;,&quot;subtitle&quot;:&quot;Essential Blocks Slider Subtitle&quot;,&quot;showButton&quot;:true,&quot;buttonText&quot;:&quot;See More&quot;,&quot;buttonUrl&quot;:&quot;&quot;,&quot;openNewTab&quot;:false,&quot;isValidUrl&quot;:true},{&quot;url&quot;:&quot;https:\/\/exalumnasesclavas.org\/blog\/wp-content\/uploads\/2023\/05\/IMG-20180724-WA0016.jpg&quot;,&quot;alt&quot;:&quot;&quot;,&quot;id&quot;:8,&quot;imageId&quot;:3606,&quot;caption&quot;:&quot;&quot;,&quot;title&quot;:&quot;Slider 10&quot;,&quot;subtitle&quot;:&quot;Essential Blocks Slider Subtitle&quot;,&quot;showButton&quot;:true,&quot;buttonText&quot;:&quot;See More&quot;,&quot;buttonUrl&quot;:&quot;&quot;,&quot;openNewTab&quot;:false,&quot;isValidUrl&quot;:true},{&quot;url&quot;:&quot;https:\/\/exalumnasesclavas.org\/blog\/wp-content\/uploads\/2023\/05\/331064094_899441974438613_595387520176917173_n.jpg&quot;,&quot;alt&quot;:&quot;&quot;,&quot;id&quot;:9,&quot;imageId&quot;:3607,&quot;caption&quot;:&quot;&quot;,&quot;title&quot;:&quot;Slider 11&quot;,&quot;subtitle&quot;:&quot;Essential Blocks Slider Subtitle&quot;,&quot;showButton&quot;:true,&quot;buttonText&quot;:&quot;See More&quot;,&quot;buttonUrl&quot;:&quot;&quot;,&quot;openNewTab&quot;:false,&quot;isValidUrl&quot;:true},{&quot;url&quot;:&quot;https:\/\/exalumnasesclavas.org\/blog\/wp-content\/uploads\/2023\/05\/1331017707_538046268148352_4761733560605511995_n.jpg&quot;,&quot;alt&quot;:&quot;&quot;,&quot;id&quot;:10,&quot;imageId&quot;:3589,&quot;caption&quot;:&quot;&quot;,&quot;title&quot;:&quot;Slider 11&quot;,&quot;subtitle&quot;:&quot;Essential Blocks Slider Subtitle&quot;,&quot;showButton&quot;:true,&quot;buttonText&quot;:&quot;See More&quot;,&quot;buttonUrl&quot;:&quot;&quot;,&quot;openNewTab&quot;:false,&quot;isValidUrl&quot;:true}]\" data-slidercontenttype=\"content-1\" data-slidertype=\"image\" data-textalign=\"left\"><div class=\"image\"><div class=\"eb-slider-item content-1\"><img decoding=\"async\" class=\"eb-slider-image\" src=\"https:\/\/exalumnasesclavas.org\/blog\/wp-content\/uploads\/2023\/05\/78942789_3143165755711167_4557810292263747584_n-1.jpg\"\/><\/div><div class=\"eb-slider-item content-1\"><img decoding=\"async\" class=\"eb-slider-image\" src=\"https:\/\/exalumnasesclavas.org\/blog\/wp-content\/uploads\/2023\/05\/87938934_3363643013663439_1437900925522935808_n.jpg\"\/><\/div><div class=\"eb-slider-item content-1\"><img decoding=\"async\" class=\"eb-slider-image\" src=\"https:\/\/exalumnasesclavas.org\/blog\/wp-content\/uploads\/2023\/05\/10eb66e23-7cb4-43e7-a44c-31481bb22377.jpg\"\/><\/div><div class=\"eb-slider-item content-1\"><img decoding=\"async\" class=\"eb-slider-image\" src=\"https:\/\/exalumnasesclavas.org\/blog\/wp-content\/uploads\/2022\/03\/Cuenta-cuento-2.jpg\"\/><\/div><div class=\"eb-slider-item content-1\"><img decoding=\"async\" class=\"eb-slider-image\" src=\"https:\/\/exalumnasesclavas.org\/blog\/wp-content\/uploads\/2023\/05\/183872382_3324907980870276_5143553512570880000_n.jpg\"\/><\/div><div class=\"eb-slider-item content-1\"><img decoding=\"async\" class=\"eb-slider-image\" src=\"https:\/\/exalumnasesclavas.org\/blog\/wp-content\/uploads\/2023\/05\/1s0lblmz6pic7auroy20200708160523.jpg\"\/><\/div><div class=\"eb-slider-item content-1\"><img decoding=\"async\" class=\"eb-slider-image\" src=\"https:\/\/exalumnasesclavas.org\/blog\/wp-content\/uploads\/2023\/05\/88220379_3363619186999155_1622392697421561856_n.jpg\"\/><\/div><div class=\"eb-slider-item content-1\"><img decoding=\"async\" class=\"eb-slider-image\" src=\"https:\/\/exalumnasesclavas.org\/blog\/wp-content\/uploads\/2023\/05\/78227450_3185799184781157_8660746426478755840_n.jpg\"\/><\/div><div class=\"eb-slider-item content-1\"><img decoding=\"async\" class=\"eb-slider-image\" src=\"https:\/\/exalumnasesclavas.org\/blog\/wp-content\/uploads\/2023\/05\/IMG-20180724-WA0016.jpg\"\/><\/div><div class=\"eb-slider-item content-1\"><img decoding=\"async\" class=\"eb-slider-image\" src=\"https:\/\/exalumnasesclavas.org\/blog\/wp-content\/uploads\/2023\/05\/331064094_899441974438613_595387520176917173_n.jpg\"\/><\/div><div class=\"eb-slider-item content-1\"><img decoding=\"async\" class=\"eb-slider-image\" src=\"https:\/\/exalumnasesclavas.org\/blog\/wp-content\/uploads\/2023\/05\/1331017707_538046268148352_4761733560605511995_n.jpg\"\/><\/div><\/div><\/div><\/div><\/div>\n","protected":false},"excerpt":{"rendered":"<p>En el Centro Juvenil y Biblioteca Las Ma\u00f1anitas ofrecemos un lugar seguro y seguimos una filosof\u00eda de aprendizaje basada en el juego y actividades recreativas guiadas, complementadas con afianzamiento escolar, apoyo educativo y psicosocial. El objetivo es apoyar su crecimiento personal, integraci\u00f3n social y formaci\u00f3n acad\u00e9mica. Tambi\u00e9n brindamos orientaci\u00f3n y talleres a padres de familia [&hellip;]<\/p>\n","protected":false},"author":1,"featured_media":0,"parent":2,"menu_order":0,"comment_status":"closed","ping_status":"closed","template":"","meta":{"_eb_attr":"","_mi_skip_tracking":false,"footnotes":""},"categories":[],"tags":[],"class_list":["post-3000","page","type-page","status-publish","hentry"],"aioseo_notices":[],"jetpack_shortlink":"https:\/\/wp.me\/PaFKez-Mo","jetpack_sharing_enabled":true,"_links":{"self":[{"href":"https:\/\/exalumnasesclavas.org\/blog\/index.php?rest_route=\/wp\/v2\/pages\/3000","targetHints":{"allow":["GET"]}}],"collection":[{"href":"https:\/\/exalumnasesclavas.org\/blog\/index.php?rest_route=\/wp\/v2\/pages"}],"about":[{"href":"https:\/\/exalumnasesclavas.org\/blog\/index.php?rest_route=\/wp\/v2\/types\/page"}],"author":[{"embeddable":true,"href":"https:\/\/exalumnasesclavas.org\/blog\/index.php?rest_route=\/wp\/v2\/users\/1"}],"replies":[{"embeddable":true,"href":"https:\/\/exalumnasesclavas.org\/blog\/index.php?rest_route=%2Fwp%2Fv2%2Fcomments&post=3000"}],"version-history":[{"count":44,"href":"https:\/\/exalumnasesclavas.org\/blog\/index.php?rest_route=\/wp\/v2\/pages\/3000\/revisions"}],"predecessor-version":[{"id":6814,"href":"https:\/\/exalumnasesclavas.org\/blog\/index.php?rest_route=\/wp\/v2\/pages\/3000\/revisions\/6814"}],"up":[{"embeddable":true,"href":"https:\/\/exalumnasesclavas.org\/blog\/index.php?rest_route=\/wp\/v2\/pages\/2"}],"wp:attachment":[{"href":"https:\/\/exalumnasesclavas.org\/blog\/index.php?rest_route=%2Fwp%2Fv2%2Fmedia&parent=3000"}],"wp:term":[{"taxonomy":"category","embeddable":true,"href":"https:\/\/exalumnasesclavas.org\/blog\/index.php?rest_route=%2Fwp%2Fv2%2Fcategories&post=3000"},{"taxonomy":"post_tag","embeddable":true,"href":"https:\/\/exalumnasesclavas.org\/blog\/index.php?rest_route=%2Fwp%2Fv2%2Ftags&post=3000"}],"curies":[{"name":"wp","href":"https:\/\/api.w.org\/{rel}","templated":true}]}}