{"id":4976,"date":"2024-08-22T22:29:35","date_gmt":"2024-08-23T03:29:35","guid":{"rendered":"https:\/\/exalumnasesclavas.org\/blog\/?page_id=4976"},"modified":"2024-09-24T07:26:55","modified_gmt":"2024-09-24T12:26:55","slug":"contribuye-con-tu-talento-guia-para-voluntarios","status":"publish","type":"page","link":"https:\/\/exalumnasesclavas.org\/blog\/?page_id=4976","title":{"rendered":"Voluntariado"},"content":{"rendered":"\n<figure class=\"wp-block-image size-full is-resized\"><img loading=\"lazy\" decoding=\"async\" width=\"600\" height=\"400\" data-attachment-id=\"5119\" data-permalink=\"https:\/\/exalumnasesclavas.org\/blog\/?attachment_id=5119\" data-orig-file=\"https:\/\/exalumnasesclavas.org\/blog\/wp-content\/uploads\/2024\/09\/IMG_1536-1.jpg\" data-orig-size=\"600,400\" data-comments-opened=\"0\" data-image-meta=\"{&quot;aperture&quot;:&quot;3.5&quot;,&quot;credit&quot;:&quot;&quot;,&quot;camera&quot;:&quot;Canon EOS Rebel T7&quot;,&quot;caption&quot;:&quot;&quot;,&quot;created_timestamp&quot;:&quot;1690018865&quot;,&quot;copyright&quot;:&quot;&quot;,&quot;focal_length&quot;:&quot;21&quot;,&quot;iso&quot;:&quot;160&quot;,&quot;shutter_speed&quot;:&quot;0.016666666666667&quot;,&quot;title&quot;:&quot;&quot;,&quot;orientation&quot;:&quot;1&quot;}\" data-image-title=\"IMG_1536 &amp;#8211; 1\" data-image-description=\"\" data-image-caption=\"\" data-medium-file=\"https:\/\/exalumnasesclavas.org\/blog\/wp-content\/uploads\/2024\/09\/IMG_1536-1-300x200.jpg\" data-large-file=\"https:\/\/exalumnasesclavas.org\/blog\/wp-content\/uploads\/2024\/09\/IMG_1536-1.jpg\" src=\"https:\/\/exalumnasesclavas.org\/blog\/wp-content\/uploads\/2024\/09\/IMG_1536-1.jpg\" alt=\"\" class=\"wp-image-5119\" style=\"object-fit:cover;width:760px;height:325px\" srcset=\"https:\/\/exalumnasesclavas.org\/blog\/wp-content\/uploads\/2024\/09\/IMG_1536-1.jpg 600w, https:\/\/exalumnasesclavas.org\/blog\/wp-content\/uploads\/2024\/09\/IMG_1536-1-300x200.jpg 300w\" sizes=\"auto, (max-width: 600px) 100vw, 600px\" \/><\/figure>\n\n\n\n<div class=\"wp-block-essential-blocks-advanced-heading\"><div class=\"eb-parent-wrapper eb-parent-eb-advance-heading-0m9uf4b \"><div class=\"eb-advance-heading-wrapper eb-advance-heading-0m9uf4b button-1\" data-id=\"eb-advance-heading-0m9uf4b\"><h2 class=\"eb-ah-title\">Comparte tu tiempo y talento<\/h2><\/div><\/div><\/div>\n\n\n\n<p class=\"has-text-color has-link-color wp-elements-deed8634bb976dab05514439d4aaecdc\" style=\"color:#082e6d\">Te agradecemos que tomes unos minutos para leer detenidamente la siguiente informaci\u00f3n. \u00a1Tu colaboraci\u00f3n puede marcar una gran diferencia en la vida de los ni\u00f1os y j\u00f3venes de Las Ma\u00f1anitas!<\/p>\n\n\n\n<p class=\"has-text-color has-link-color wp-elements-7010be1620ef1577e022de0246a24bb1\" style=\"color:#082e6d\"><strong>\u00bfQu\u00e9 es el Centro Juvenil y Biblioteca Las Ma\u00f1anitas?<\/strong><br>Es un espacio donde ni\u00f1os y j\u00f3venes de esta comunidad aprenden, se divierten y crecen con actividades educativas, deportivas y culturales, en un ambiente seguro. El Centro es la obra social de la Asociaci\u00f3n de Exalumnas del Colegio Las Esclavas (ONG).<\/p>\n\n\n\n<p class=\"has-text-color has-link-color wp-elements-5688dfcf38f6581708221fead1d8db64\" style=\"color:#082e6d\"><strong>\u00bfPor qu\u00e9 ser voluntario en el Centro Juvenil y Biblioteca Las Ma\u00f1anitas?<\/strong><br>Ayudar\u00e1s a ni\u00f1os y j\u00f3venes de la comunidad a prepararse para un futuro mejor, trabajando junto al equipo del Centro.<\/p>\n\n\n\n<p class=\"has-text-color has-link-color wp-elements-a749ffb065210517edfbacf67009a5cd\" style=\"color:#082e6d\"><strong>\u00bfQui\u00e9n puede ser voluntario?<\/strong><br>Buscamos personas respetuosas, cari\u00f1osas, pacientes y con ganas de colaborar con ni\u00f1os y adolescentes de 6 a 15 a\u00f1os. \u00a1Solo necesitas querer ayudar!<\/p>\n\n\n\n<p class=\"has-text-color has-link-color wp-elements-4b434b532d67bf26aea5323ef3cd930a\" style=\"color:#082e6d\"><strong>\u00bfD\u00f3nde estamos ubicados?<\/strong><br>El Centro est\u00e1 en Las Ma\u00f1anitas, a 6 km del Aeropuerto Internacional de Tocumen. <a href=\"https:\/\/exalumnasesclavas.org\/blog\/?page_id=5019\" target=\"_blank\" rel=\"noopener\" title=\"\">Ver c\u00f3mo llegar<\/a><\/p>\n\n\n\n<p class=\"has-text-color has-link-color wp-elements-2fc4963f032357688d930d2d85c8e396\" style=\"color:#082e6d\"><strong>\u00bfEn qu\u00e9 horario puedo hacer voluntariado?<\/strong><br>El voluntariado se realiza de lunes a viernes, de 8:00 am a 4:00 pm. No disponible los fines de semana.<\/p>\n\n\n\n<p class=\"has-text-color has-link-color wp-elements-1b9a6fc3b29de2eb6e2ddd805b406381\" style=\"color:#082e6d\"><strong>\u00bfQu\u00e9 actividades puedo hacer como voluntario?<\/strong><br>Como voluntario, podr\u00e1s involucrarte directamente con los ni\u00f1os y j\u00f3venes, organizando actividades educativas, tecnol\u00f3gicas, deportivas y recreativas, as\u00ed como talleres y din\u00e1micas. Tambi\u00e9n tendr\u00e1s la oportunidad de apoyar su desarrollo acad\u00e9mico mediante tutor\u00edas o de acompa\u00f1arlos en excursiones..<\/p>\n\n\n\n<p class=\"has-text-color has-link-color wp-elements-74f86ee5e4c03f2636ee653514e5238a\" style=\"color:#5e95d5\"><a href=\"https:\/\/exalumnasesclavas.org\/blog\/wp-content\/uploads\/2024\/09\/Informacion-de-Actividades.pdf\">Ver m\u00e1s informaci\u00f3n sobre las actividades.<\/a><\/p>\n\n\n\n<p class=\"has-text-color has-link-color wp-elements-9b211d1debbc88950d00768239e17d53\" style=\"color:#082e6d\">Adem\u00e1s, podr\u00e1s contribuir con tareas administrativas o con el mantenimiento del Centro, colaborando en tareas de limpieza, jardiner\u00eda y asegurando que el espacio sea agradable para todos.<\/p>\n\n\n\n<p class=\"has-text-color has-link-color wp-elements-f5c91348efc90db7405c68eef8c92523\" style=\"color:#082e6d\"><strong>\u00bfPuedo realizar un proyecto profesional en el Centro?<\/strong><br>S\u00ed, hemos recibido voluntarios que ofrecen talleres o servicios en \u00e1reas como inform\u00e1tica, psicolog\u00eda, mercadeo y salud, con gran impacto para el Centro.<\/p>\n\n\n\n<p class=\"has-text-color has-link-color wp-elements-9c2d4ed3b33c243a99fab03546a8ea05\" style=\"color:#082e6d\"><strong>\u00bfQu\u00e9 pasos tengo que seguir para hacer voluntariado en el Centro?<\/strong><br>Si eres un voluntario particular, coordinas un voluntariado corporativo o eres estudiante de servicio social, debes preparar una propuesta indicando lo que piensas hacer y contactar al Centro para coordinar.<\/p>\n\n\n\n<p class=\"has-text-color has-link-color wp-elements-13891150fa0e095019a8aadfdfe30359\" style=\"color:#082e6d\"><strong>\u00bfQu\u00e9 hago si soy voluntario y un d\u00eda no puedo asistir?<\/strong><br>Informa a la supervisora lo antes posible.<\/p>\n\n\n\n<p><\/p>\n\n\n\n<p class=\"has-text-color has-link-color wp-elements-884d793a46dbfbda24b4ea131cf83c30\" style=\"color:#082e6d;font-style:italic;font-weight:400\">Si tienes alguna pregunta que no encuentres aqu\u00ed, puedes enviarnos un mensaje por WhatsApp al 6455-0992 o escribirnos a perla@exalumnasesclavas.org. Con gusto te brindaremos la informaci\u00f3n que necesites.<\/p>\n\n\n\n<div class=\"wp-block-essential-blocks-button\"><div class=\"eb-parent-wrapper eb-parent-eb-button-rfvp53t \"><div class=\"eb-button-wrapper eb-button-alignment eb-button-rfvp53t\"><div class=\"eb-button\"><a class=\"eb-button-anchor\" href=\"https:\/\/exalumnasesclavas.org\/blog\/?page_id=5019\" rel=\"noopener\">C\u00f3mo llegar al Centro<\/a><\/div><\/div><\/div><\/div>\n\n\n\n<p class=\"has-text-color has-link-color wp-elements-c6a380dc03c126dc08c0e422e3921ef6\" style=\"color:#082e6d;font-style:italic;font-weight:400\"><\/p>\n\n\n\n<p><\/p>\n\n\n\n<p><\/p>\n\n\n\n<h2 class=\"wp-block-heading\" style=\"font-size:29px\">Informaci\u00f3n adicional para estudiantes de servicio social<\/h2>\n\n\n\n<div class=\"wp-block-columns has-background is-layout-flex wp-container-core-columns-is-layout-33233fb6 wp-block-columns-is-layout-flex\" style=\"background-color:#082e6d;margin-top:var(--wp--preset--spacing--20);margin-bottom:var(--wp--preset--spacing--20)\">\n<div class=\"wp-block-column has-white-color has-text-color has-background has-link-color wp-elements-f74e1dd0773d1a7726ab60a2e6ce3b7e is-layout-flow wp-block-column-is-layout-flow\" style=\"background-color:#082e6d\">\n<p><strong>UN D\u00cdA T\u00cdPICO DE ESTUDIANTE DE SERVICIO SOCIAL EN EL CENTRO<\/strong><\/p>\n\n\n\n<p>Te solicitamos que realices una actividad diaria dirigida a los beneficiarios (<a href=\"https:\/\/exalumnasesclavas.org\/blog\/wp-content\/uploads\/2024\/09\/Informacion-de-Actividades.pdf\">Ver m\u00e1s informaci\u00f3n sobre las actividades<\/a>). Adem\u00e1s, deber\u00e1s apoyar con distintas tareas como:<\/p>\n\n\n\n<p><\/p>\n\n\n\n<ol class=\"wp-block-list\">\n<li>Planificar y organizar actividades recreativas, educativas y deportivas para ni\u00f1os y adolescentes.<\/li>\n\n\n\n<li>Organizar actividades de matem\u00e1ticas, lectura, cuenta cuentos y t\u00edteres.<\/li>\n\n\n\n<li>Brindar apoyo escolar para primaria y secundaria.<\/li>\n\n\n\n<li>Participar y animar en las actividades del Centro.<\/li>\n\n\n\n<li>Acompa\u00f1ar a los beneficiarios en excursiones, colaborando con el maestro.<\/li>\n\n\n\n<li>Ayudar en el huerto.<\/li>\n\n\n\n<li>Colaborar en tareas administrativas del Centro.<\/li>\n\n\n\n<li>Realizar tareas de mantenimiento como pintura, aseo y poda.<\/li>\n\n\n\n<li>Mantener ordenadas y limpias las \u00e1reas comunes: patio, sal\u00f3n de juegos, biblioteca y sala de c\u00f3mputo.<\/li>\n<\/ol>\n<\/div>\n<\/div>\n\n\n\n<div class=\"wp-block-columns has-background is-layout-flex wp-container-core-columns-is-layout-33233fb6 wp-block-columns-is-layout-flex\" style=\"background-color:#082e6d;margin-top:var(--wp--preset--spacing--20);margin-bottom:var(--wp--preset--spacing--20)\">\n<div class=\"wp-block-column has-white-color has-text-color has-background has-link-color wp-elements-f970f362593fd0024f0b95929892e9b4 is-layout-flow wp-block-column-is-layout-flow\" style=\"background-color:#082e6d\">\n<p><strong>PASOS PARA HACER EL SERVICIO SOCIAL EN EL CENTRO<\/strong><\/p>\n\n\n\n<p>Para hacer voluntariado en el Centro, solo tienes que:<\/p>\n\n\n\n<p><\/p>\n\n\n\n<ol class=\"wp-block-list\">\n<li>Preparar una propuesta describiendo el trabajo que har\u00e1s. Para esto debes usar el formulario de tu universidad.<\/li>\n\n\n\n<li>Enviarla por email a: perla@exalumnasesclavas.org.<\/li>\n\n\n\n<li>El personal del Centro coordinar\u00e1 contigo los siguientes pasos.<\/li>\n<\/ol>\n<\/div>\n<\/div>\n\n\n\n<div class=\"wp-block-columns has-background is-layout-flex wp-container-core-columns-is-layout-33233fb6 wp-block-columns-is-layout-flex\" style=\"background-color:#082e6d;margin-top:var(--wp--preset--spacing--20);margin-bottom:var(--wp--preset--spacing--20)\">\n<div class=\"wp-block-column has-white-color has-text-color has-background has-link-color wp-elements-f95994c3968e04cbba28e9d0537aabbe is-layout-flow wp-block-column-is-layout-flow\" style=\"background-color:#082e6d\">\n<p class=\"has-white-color has-text-color has-link-color wp-elements-e3fb1b55580749ccb6c6bd63db05564d\"><strong>LA PROPUESTA<\/strong><\/p>\n\n\n\n<p class=\"has-white-color has-text-color has-link-color wp-elements-cc9ec73191b8e006d2976bda5579ddd1\">Cuando elabores tu propuesta, toma en cuenta lo siguiente:<\/p>\n\n\n\n<p><\/p>\n\n\n\n<ul class=\"wp-block-list\">\n<li>Indica las fechas exactas en las que asistir\u00e1s al Centro.<\/li>\n\n\n\n<li>Especifica la Actividad que realizar\u00e1s cada d\u00eda dirigida a los beneficiarios. Esta actividad ser\u00e1 en dos tandas: De 9:00 am a 10:00 am con un grupo de beneficiarios y la repetir\u00e1s de 1:30 pm a 2:30 pm con otro grupo de beneficiarios.<\/li>\n\n\n\n<li>Incluye una Descripci\u00f3n con el objetivo de la actividad.<\/li>\n\n\n\n<li>Estima la Poblaci\u00f3n beneficiada; es decir, cu\u00e1ntos beneficiarios podr\u00e1s atender en la actividad.<\/li>\n\n\n\n<li>Toma en cuenta que lo que indiques en la actividad ser\u00e1 lo que realizar\u00e1s el d\u00eda que lo propongas.<\/li>\n\n\n\n<li>No olvides incluir tanto la fecha de inicio como la de finalizaci\u00f3n de tus actividades.<\/li>\n<\/ul>\n<\/div>\n<\/div>\n","protected":false},"excerpt":{"rendered":"<p>Te agradecemos que tomes unos minutos para leer detenidamente la siguiente informaci\u00f3n. \u00a1Tu colaboraci\u00f3n puede marcar una gran diferencia en la vida de los ni\u00f1os y j\u00f3venes de Las Ma\u00f1anitas! \u00bfQu\u00e9 es el Centro Juvenil y Biblioteca Las Ma\u00f1anitas?Es un espacio donde ni\u00f1os y j\u00f3venes de esta comunidad aprenden, se divierten y crecen con actividades [&hellip;]<\/p>\n","protected":false},"author":1,"featured_media":0,"parent":3875,"menu_order":0,"comment_status":"closed","ping_status":"closed","template":"","meta":{"_eb_attr":"","_mi_skip_tracking":false,"footnotes":""},"categories":[],"tags":[],"class_list":["post-4976","page","type-page","status-publish","hentry"],"aioseo_notices":[],"jetpack_shortlink":"https:\/\/wp.me\/PaFKez-1ig","jetpack_sharing_enabled":true,"_links":{"self":[{"href":"https:\/\/exalumnasesclavas.org\/blog\/index.php?rest_route=\/wp\/v2\/pages\/4976","targetHints":{"allow":["GET"]}}],"collection":[{"href":"https:\/\/exalumnasesclavas.org\/blog\/index.php?rest_route=\/wp\/v2\/pages"}],"about":[{"href":"https:\/\/exalumnasesclavas.org\/blog\/index.php?rest_route=\/wp\/v2\/types\/page"}],"author":[{"embeddable":true,"href":"https:\/\/exalumnasesclavas.org\/blog\/index.php?rest_route=\/wp\/v2\/users\/1"}],"replies":[{"embeddable":true,"href":"https:\/\/exalumnasesclavas.org\/blog\/index.php?rest_route=%2Fwp%2Fv2%2Fcomments&post=4976"}],"version-history":[{"count":81,"href":"https:\/\/exalumnasesclavas.org\/blog\/index.php?rest_route=\/wp\/v2\/pages\/4976\/revisions"}],"predecessor-version":[{"id":5400,"href":"https:\/\/exalumnasesclavas.org\/blog\/index.php?rest_route=\/wp\/v2\/pages\/4976\/revisions\/5400"}],"up":[{"embeddable":true,"href":"https:\/\/exalumnasesclavas.org\/blog\/index.php?rest_route=\/wp\/v2\/pages\/3875"}],"wp:attachment":[{"href":"https:\/\/exalumnasesclavas.org\/blog\/index.php?rest_route=%2Fwp%2Fv2%2Fmedia&parent=4976"}],"wp:term":[{"taxonomy":"category","embeddable":true,"href":"https:\/\/exalumnasesclavas.org\/blog\/index.php?rest_route=%2Fwp%2Fv2%2Fcategories&post=4976"},{"taxonomy":"post_tag","embeddable":true,"href":"https:\/\/exalumnasesclavas.org\/blog\/index.php?rest_route=%2Fwp%2Fv2%2Ftags&post=4976"}],"curies":[{"name":"wp","href":"https:\/\/api.w.org\/{rel}","templated":true}]}}