{"id":5019,"date":"2024-09-06T13:50:28","date_gmt":"2024-09-06T18:50:28","guid":{"rendered":"https:\/\/exalumnasesclavas.org\/blog\/?page_id=5019"},"modified":"2024-09-24T06:59:44","modified_gmt":"2024-09-24T11:59:44","slug":"como-llegar","status":"publish","type":"page","link":"https:\/\/exalumnasesclavas.org\/blog\/?page_id=5019","title":{"rendered":"C\u00f3mo llegar"},"content":{"rendered":"\n<div class=\"wp-block-columns is-layout-flex wp-container-core-columns-is-layout-28f84493 wp-block-columns-is-layout-flex\">\n<div class=\"wp-block-column is-layout-flow wp-block-column-is-layout-flow\" style=\"flex-basis:66.66%\">\n<figure class=\"wp-block-image alignfull size-full Videos de c\u00f3mo llegar\" id=\"https:\/\/www.youtube.com\/playlist?list=PLxm3eMxEV8kON09OhInzNQXIkHmEsjnMg\"><img loading=\"lazy\" decoding=\"async\" width=\"300\" height=\"200\" data-attachment-id=\"5336\" data-permalink=\"https:\/\/exalumnasesclavas.org\/blog\/?attachment_id=5336\" data-orig-file=\"https:\/\/exalumnasesclavas.org\/blog\/wp-content\/uploads\/2024\/09\/IMG_1458-copia2.jpg\" data-orig-size=\"300,200\" data-comments-opened=\"0\" data-image-meta=\"{&quot;aperture&quot;:&quot;8&quot;,&quot;credit&quot;:&quot;&quot;,&quot;camera&quot;:&quot;Canon EOS Rebel T7&quot;,&quot;caption&quot;:&quot;&quot;,&quot;created_timestamp&quot;:&quot;1690016946&quot;,&quot;copyright&quot;:&quot;&quot;,&quot;focal_length&quot;:&quot;18&quot;,&quot;iso&quot;:&quot;100&quot;,&quot;shutter_speed&quot;:&quot;0.0025&quot;,&quot;title&quot;:&quot;&quot;,&quot;orientation&quot;:&quot;1&quot;}\" data-image-title=\"IMG_1458 &amp;#8211; copia2\" data-image-description=\"\" data-image-caption=\"\" data-medium-file=\"https:\/\/exalumnasesclavas.org\/blog\/wp-content\/uploads\/2024\/09\/IMG_1458-copia2.jpg\" data-large-file=\"https:\/\/exalumnasesclavas.org\/blog\/wp-content\/uploads\/2024\/09\/IMG_1458-copia2.jpg\" src=\"https:\/\/exalumnasesclavas.org\/blog\/wp-content\/uploads\/2024\/09\/IMG_1458-copia2.jpg\" alt=\"\" class=\"wp-image-5336\"\/><\/figure>\n<\/div>\n\n\n\n<div class=\"wp-block-column is-layout-flow wp-block-column-is-layout-flow\" style=\"flex-basis:33.33%\">\n<p class=\"has-text-color has-link-color has-medium-font-size wp-elements-80a00a9fa52b73a8e4d8aac9cffc8ed6\" id=\"https:\/\/www.youtube.com\/playlist?list=PLxm3eMxEV8kON09OhInzNQXIkHmEsjnMg\" style=\"color:#5e95d5\"><a href=\"https:\/\/www.youtube.com\/playlist?list=PLxm3eMxEV8kO4JldEBogWS3fEp4dh5rfO\" target=\"_blank\" rel=\"noopener sponsored\" title=\"Clic para los videos de c\u00f3mo llegar\">Clic para los videos de c\u00f3mo llegar<\/a><\/p>\n<\/div>\n<\/div>\n\n\n\n<div class=\"wp-block-columns is-layout-flex wp-container-core-columns-is-layout-1a3f87fd wp-block-columns-is-layout-flex\" style=\"margin-top:0;margin-bottom:0;padding-top:0;padding-bottom:0\">\n<div class=\"wp-block-column is-layout-flow wp-block-column-is-layout-flow\">\n<div class=\"wp-block-essential-blocks-button\"><div class=\"eb-parent-wrapper eb-parent-eb-button-goqmqfu \"><div class=\"eb-button-wrapper eb-button-alignment eb-button-goqmqfu\"><div class=\"eb-button\"><a class=\"eb-button-anchor\" href=\"https:\/\/www.waze.com\/live-map\/directions?to=ll.9.094856%2C-79.406412\" rel=\"noopener\">Ver mapa en Waze  <\/a><\/div><\/div><\/div><\/div>\n<\/div>\n\n\n\n<div class=\"wp-block-column is-layout-flow wp-block-column-is-layout-flow\">\n<div class=\"wp-block-essential-blocks-button\"><div class=\"eb-parent-wrapper eb-parent-eb-button-xf3cghr \"><div class=\"eb-button-wrapper eb-button-alignment eb-button-xf3cghr\"><div class=\"eb-button\"><a class=\"eb-button-anchor\" href=\"https:\/\/www.google.com\/maps\/place\/Centro+Juvenil+y+Biblioteca+de+Ex+Alumnas+Colegio+Las+Esclavas\/@9.0949856,-79.4088524,17z\/data=!3m1!4b1!4m6!3m5!1s0x8fab54e971d3dbb7:0x4202647320de474f!8m2!3d9.0949856!4d-79.4062775!16s%2Fg%2F11bw46q5_m?entry=ttu&amp;g_ep=EgoyMDI0MDkwNC4wIKXMDSoASAFQAw%3D%3D\" rel=\"noopener\">Ver mapa en Google<\/a><\/div><\/div><\/div><\/div>\n<\/div>\n<\/div>\n\n\n\n<div class=\"wp-block-essential-blocks-advanced-heading\"><div class=\"eb-parent-wrapper eb-parent-eb-advance-heading-tf3nhat \"><div class=\"eb-advance-heading-wrapper eb-advance-heading-tf3nhat button-1\" data-id=\"eb-advance-heading-tf3nhat\"><h2 class=\"eb-ah-title\">Llegar en Metrobus<\/h2><\/div><\/div><\/div>\n\n\n\n<p>Tomar una de las rutas de Mi Bus hacia Las Ma\u00f1anitas. Bajarse en la parada Estaci\u00f3n Ma\u00f1anitas.<\/p>\n\n\n\n<p>Luego tomar una chiva del Sector 8 o de G\u00e9nesis que le dejan justo enfrente del Centro. O si prefiere ir en taxi, puede tomar uno en la piquera y pedir que le lleven \u00aba la biblioteca\u00bb.<\/p>\n\n\n\n<div class=\"wp-block-essential-blocks-advanced-heading\"><div class=\"eb-parent-wrapper eb-parent-eb-advance-heading-j2gjm8l \"><div class=\"eb-advance-heading-wrapper eb-advance-heading-j2gjm8l button-1\" data-id=\"eb-advance-heading-j2gjm8l\"><h2 class=\"eb-ah-title\">Llegar en Metro<\/h2><\/div><\/div><\/div>\n\n\n\n<p>Tomar la l\u00ednea 2 del Metro hasta la estaci\u00f3n Las Ma\u00f1anitas. <\/p>\n\n\n\n<p>Luego tomar una chiva del Sector 8 o de G\u00e9nesis. O si prefiere ir en taxi, puede tomar uno en la piquera y pedir que le lleven \u00aba la biblioteca\u00bb.<\/p>\n\n\n\n<div class=\"wp-block-essential-blocks-advanced-heading\"><div class=\"eb-parent-wrapper eb-parent-eb-advance-heading-f631ewt \"><div class=\"eb-advance-heading-wrapper eb-advance-heading-f631ewt button-1\" data-id=\"eb-advance-heading-f631ewt\"><h2 class=\"eb-ah-title\">Llegar en Autom\u00f3vil<\/h2><\/div><\/div><\/div>\n\n\n\n<p>Si viene por el Corredor Sur o la v\u00eda Domingo D\u00edaz, pasar el Hotel Riande Aeropuerto y seguir en la v\u00eda Interamericana en direcci\u00f3n hacia Cerro Azul. En el sem\u00e1foro ubicado en la intersecci\u00f3n con calle Pese \/ calle Principal, doblar hacia la izquierda y continuar por calle Pese \/ calle Principal hasta llegar al Centro.<\/p>\n\n\n\n<p>Si viene por el Corredor Norte, tomar la salida Las Ma\u00f1anitas \/ Pedregal, seguir por la v\u00eda Interamericana en direcci\u00f3n hacia el Corredor Sur. En el sem\u00e1foro ubicado en la intersecci\u00f3n con calle Pese \/ calle Principal, doblar hacia la derecha y continuar por calle Pese \/ calle Principal hasta llegar al Centro. <\/p>\n","protected":false},"excerpt":{"rendered":"<p>Clic para los videos de c\u00f3mo llegar Tomar una de las rutas de Mi Bus hacia Las Ma\u00f1anitas. Bajarse en la parada Estaci\u00f3n Ma\u00f1anitas. Luego tomar una chiva del Sector 8 o de G\u00e9nesis que le dejan justo enfrente del Centro. O si prefiere ir en taxi, puede tomar uno en la piquera y pedir [&hellip;]<\/p>\n","protected":false},"author":1,"featured_media":0,"parent":2142,"menu_order":0,"comment_status":"closed","ping_status":"closed","template":"","meta":{"_eb_attr":"","_mi_skip_tracking":false,"footnotes":""},"categories":[],"tags":[],"class_list":["post-5019","page","type-page","status-publish","hentry"],"aioseo_notices":[],"jetpack_shortlink":"https:\/\/wp.me\/PaFKez-1iX","jetpack_sharing_enabled":true,"_links":{"self":[{"href":"https:\/\/exalumnasesclavas.org\/blog\/index.php?rest_route=\/wp\/v2\/pages\/5019","targetHints":{"allow":["GET"]}}],"collection":[{"href":"https:\/\/exalumnasesclavas.org\/blog\/index.php?rest_route=\/wp\/v2\/pages"}],"about":[{"href":"https:\/\/exalumnasesclavas.org\/blog\/index.php?rest_route=\/wp\/v2\/types\/page"}],"author":[{"embeddable":true,"href":"https:\/\/exalumnasesclavas.org\/blog\/index.php?rest_route=\/wp\/v2\/users\/1"}],"replies":[{"embeddable":true,"href":"https:\/\/exalumnasesclavas.org\/blog\/index.php?rest_route=%2Fwp%2Fv2%2Fcomments&post=5019"}],"version-history":[{"count":33,"href":"https:\/\/exalumnasesclavas.org\/blog\/index.php?rest_route=\/wp\/v2\/pages\/5019\/revisions"}],"predecessor-version":[{"id":5395,"href":"https:\/\/exalumnasesclavas.org\/blog\/index.php?rest_route=\/wp\/v2\/pages\/5019\/revisions\/5395"}],"up":[{"embeddable":true,"href":"https:\/\/exalumnasesclavas.org\/blog\/index.php?rest_route=\/wp\/v2\/pages\/2142"}],"wp:attachment":[{"href":"https:\/\/exalumnasesclavas.org\/blog\/index.php?rest_route=%2Fwp%2Fv2%2Fmedia&parent=5019"}],"wp:term":[{"taxonomy":"category","embeddable":true,"href":"https:\/\/exalumnasesclavas.org\/blog\/index.php?rest_route=%2Fwp%2Fv2%2Fcategories&post=5019"},{"taxonomy":"post_tag","embeddable":true,"href":"https:\/\/exalumnasesclavas.org\/blog\/index.php?rest_route=%2Fwp%2Fv2%2Ftags&post=5019"}],"curies":[{"name":"wp","href":"https:\/\/api.w.org\/{rel}","templated":true}]}}