{"id":5092,"date":"2024-09-07T08:18:39","date_gmt":"2024-09-07T13:18:39","guid":{"rendered":"https:\/\/exalumnasesclavas.org\/blog\/?page_id=5092"},"modified":"2024-09-09T20:16:07","modified_gmt":"2024-09-10T01:16:07","slug":"apadrina","status":"publish","type":"page","link":"https:\/\/exalumnasesclavas.org\/blog\/?page_id=5092","title":{"rendered":"Anualidad"},"content":{"rendered":"\n<figure class=\"wp-block-image size-full is-resized\"><img loading=\"lazy\" decoding=\"async\" width=\"600\" height=\"400\" data-attachment-id=\"5116\" data-permalink=\"https:\/\/exalumnasesclavas.org\/blog\/?attachment_id=5116\" data-orig-file=\"https:\/\/exalumnasesclavas.org\/blog\/wp-content\/uploads\/2024\/09\/IMG_1669-1.jpg\" data-orig-size=\"600,400\" data-comments-opened=\"0\" data-image-meta=\"{&quot;aperture&quot;:&quot;5.6&quot;,&quot;credit&quot;:&quot;&quot;,&quot;camera&quot;:&quot;Canon EOS Rebel T7&quot;,&quot;caption&quot;:&quot;&quot;,&quot;created_timestamp&quot;:&quot;1690020645&quot;,&quot;copyright&quot;:&quot;&quot;,&quot;focal_length&quot;:&quot;55&quot;,&quot;iso&quot;:&quot;800&quot;,&quot;shutter_speed&quot;:&quot;0.016666666666667&quot;,&quot;title&quot;:&quot;&quot;,&quot;orientation&quot;:&quot;1&quot;}\" data-image-title=\"IMG_1669 &amp;#8211; 1\" data-image-description=\"\" data-image-caption=\"\" data-medium-file=\"https:\/\/exalumnasesclavas.org\/blog\/wp-content\/uploads\/2024\/09\/IMG_1669-1-300x200.jpg\" data-large-file=\"https:\/\/exalumnasesclavas.org\/blog\/wp-content\/uploads\/2024\/09\/IMG_1669-1.jpg\" src=\"https:\/\/exalumnasesclavas.org\/blog\/wp-content\/uploads\/2024\/09\/IMG_1669-1.jpg\" alt=\"\" class=\"wp-image-5116\" style=\"width:760px\" srcset=\"https:\/\/exalumnasesclavas.org\/blog\/wp-content\/uploads\/2024\/09\/IMG_1669-1.jpg 600w, https:\/\/exalumnasesclavas.org\/blog\/wp-content\/uploads\/2024\/09\/IMG_1669-1-300x200.jpg 300w\" sizes=\"auto, (max-width: 600px) 100vw, 600px\" \/><\/figure>\n\n\n\n<div class=\"wp-block-group is-layout-constrained wp-block-group-is-layout-constrained\">\n<div class=\"wp-block-group is-layout-constrained wp-block-group-is-layout-constrained\">\n<div class=\"wp-block-columns alignfull are-vertically-aligned-top has-background is-layout-flex wp-container-core-columns-is-layout-d2da2050 wp-block-columns-is-layout-flex\" style=\"background-color:#082e6d;margin-bottom:0\">\n<div class=\"wp-block-column is-vertically-aligned-top has-text-color has-background has-link-color wp-elements-032f10b40b7520b20b541ad9d20d5a5a is-layout-flow wp-block-column-is-layout-flow\" style=\"color:#000000;background-color:#e9ecef;padding-top:1em;padding-right:1em;padding-bottom:1em;padding-left:1em\">\n<h2 class=\"wp-block-heading\" id=\"family\" style=\"font-size:25px\">Aporta al futuro de los j\u00f3venes en Las Ma\u00f1anitas<\/h2>\n\n\n\n<p class=\"has-normal-font-size\" style=\"line-height:1.5\">Tu contribuci\u00f3n anual ayuda a cubrir servicios esenciales del Centro Juvenil y Biblioteca Las Ma\u00f1anitas, como salarios de maestros e instructores, materiales did\u00e1cticos y el mantenimiento de nuestras instalaciones.<\/p>\n\n\n\n<p class=\"has-normal-font-size\" style=\"line-height:1.5\">Con tu aporte recurrente, le ofreces a los ni\u00f1os y adolescentes de Las Ma\u00f1anitas la oportunidad de aprender, crecer y divertirse en un entorno seguro. Es un apoyo que se traduce en un futuro mejor para todos. \u00a1\u00danete y haz la diferencia!<\/p>\n\n\n\n<hr class=\"wp-block-separator has-text-color has-alpha-channel-opacity has-background is-style-wide\" style=\"background-color:#97d3f9;color:#97d3f9\"\/>\n\n\n\n<ul class=\"wp-block-list has-normal-font-size\">\n<li>Elige el monto que desees donar.<\/li>\n\n\n\n<li>Si eres exalumna, aporta tu anualidad de $20.<\/li>\n<\/ul>\n<\/div>\n<\/div>\n<\/div>\n<\/div>\n\n\n\n<div class=\"wp-block-group is-layout-constrained wp-container-core-group-is-layout-0efe02ea wp-block-group-is-layout-constrained\" style=\"border-style:none;border-width:0px;padding-top:var(--wp--preset--spacing--40);padding-right:var(--wp--preset--spacing--40);padding-bottom:var(--wp--preset--spacing--40);padding-left:var(--wp--preset--spacing--40)\">\n<div class=\"wp-block-columns is-layout-flex wp-container-core-columns-is-layout-d7d455e7 wp-block-columns-is-layout-flex\" style=\"padding-top:0;padding-right:0;padding-bottom:0;padding-left:0\">\n<div class=\"wp-block-column is-layout-flow wp-block-column-is-layout-flow\">\n<div class=\"wp-block-essential-blocks-infobox\"><div class=\"eb-parent-wrapper eb-parent-eb-infobox-vp71ujw \"><div class=\"eb-infobox-vp71ujw eb-infobox-wrapper\"><div class=\"infobox-wrapper-inner\"><div class=\"icon-img-wrapper\"><div class=\"eb-icon number-or-icon\"><span data-icon=\"fas fa-laptop\" class=\"eb-infobox-icon-data-selector  fas fa-laptop\"><\/span><\/div><\/div><div class=\"contents-wrapper\"><h2 class=\"title\">Banca en L\u00ednea \/ ACH<\/h2><p class=\"description\"><br>Cuenta de Ahorros<br>Banco General<br>04-10-02-000366-2<br>Asociaci\u00f3n de Exalumnas del Colegio Las Esclavas<br><br>A trav\u00e9s de tu banca en l\u00ednea haces la transferencia puntual o programas el pago recurrente.<\/p><\/div><\/div><\/div><\/div><\/div>\n<\/div>\n\n\n\n<div class=\"wp-block-column is-layout-flow wp-block-column-is-layout-flow\">\n<div class=\"wp-block-essential-blocks-infobox\"><div class=\"eb-parent-wrapper eb-parent-eb-infobox-5rq3p6j \"><div class=\"eb-infobox-5rq3p6j eb-infobox-wrapper\"><div class=\"infobox-wrapper-inner\"><div class=\"icon-img-wrapper\"><div class=\"eb-infobox-image-wrapper\"><img decoding=\"async\" class=\"eb-infobox-image\" src=\"https:\/\/exalumnasesclavas.org\/blog\/wp-content\/uploads\/2023\/05\/IMG_3694.png\" alt=\"macbook\"\/><\/div><\/div><div class=\"contents-wrapper\"><h2 class=\"title\"><\/h2><p class=\"description\">@centrojuvenilexalumnasesclavas<\/p><\/div><\/div><\/div><\/div><\/div>\n\n\n\n<div class=\"wp-block-essential-blocks-infobox\"><div class=\"eb-parent-wrapper eb-parent-eb-infobox-p11gw42 \"><div class=\"eb-infobox-p11gw42 eb-infobox-wrapper\"><div class=\"infobox-wrapper-inner\"><div class=\"icon-img-wrapper\"><div class=\"eb-infobox-image-wrapper\"><img decoding=\"async\" class=\"eb-infobox-image\" src=\"https:\/\/exalumnasesclavas.org\/blog\/wp-content\/uploads\/2023\/05\/Wallet4.gif\" alt=\"macbook\"\/><\/div><\/div><div class=\"contents-wrapper\"><h2 class=\"title\">Otros Medios de Pago<\/h2><p class=\"description\">Cont\u00e1ctanos:<br>+ 507 6670 &#8211; 2211<\/p><\/div><\/div><\/div><\/div><\/div>\n<\/div>\n<\/div>\n<\/div>\n\n\n<div class=\"wp-block-jetpack-contact-form\"><a href=\"https:\/\/exalumnasesclavas.org\/blog\/?page_id=5092\" target=\"_blank\" rel=\"noopener noreferrer\">Env\u00eda un formulario.<\/a><\/div>","protected":false},"excerpt":{"rendered":"<p>Aporta al futuro de los j\u00f3venes en Las Ma\u00f1anitas Tu contribuci\u00f3n anual ayuda a cubrir servicios esenciales del Centro Juvenil y Biblioteca Las Ma\u00f1anitas, como salarios de maestros e instructores, materiales did\u00e1cticos y el mantenimiento de nuestras instalaciones. Con tu aporte recurrente, le ofreces a los ni\u00f1os y adolescentes de Las Ma\u00f1anitas la oportunidad de [&hellip;]<\/p>\n","protected":false},"author":1,"featured_media":0,"parent":3875,"menu_order":0,"comment_status":"closed","ping_status":"closed","template":"","meta":{"_eb_attr":"","_mi_skip_tracking":false,"footnotes":""},"categories":[],"tags":[],"class_list":["post-5092","page","type-page","status-publish","hentry"],"aioseo_notices":[],"jetpack_shortlink":"https:\/\/wp.me\/PaFKez-1k8","jetpack_sharing_enabled":true,"_links":{"self":[{"href":"https:\/\/exalumnasesclavas.org\/blog\/index.php?rest_route=\/wp\/v2\/pages\/5092","targetHints":{"allow":["GET"]}}],"collection":[{"href":"https:\/\/exalumnasesclavas.org\/blog\/index.php?rest_route=\/wp\/v2\/pages"}],"about":[{"href":"https:\/\/exalumnasesclavas.org\/blog\/index.php?rest_route=\/wp\/v2\/types\/page"}],"author":[{"embeddable":true,"href":"https:\/\/exalumnasesclavas.org\/blog\/index.php?rest_route=\/wp\/v2\/users\/1"}],"replies":[{"embeddable":true,"href":"https:\/\/exalumnasesclavas.org\/blog\/index.php?rest_route=%2Fwp%2Fv2%2Fcomments&post=5092"}],"version-history":[{"count":7,"href":"https:\/\/exalumnasesclavas.org\/blog\/index.php?rest_route=\/wp\/v2\/pages\/5092\/revisions"}],"predecessor-version":[{"id":5154,"href":"https:\/\/exalumnasesclavas.org\/blog\/index.php?rest_route=\/wp\/v2\/pages\/5092\/revisions\/5154"}],"up":[{"embeddable":true,"href":"https:\/\/exalumnasesclavas.org\/blog\/index.php?rest_route=\/wp\/v2\/pages\/3875"}],"wp:attachment":[{"href":"https:\/\/exalumnasesclavas.org\/blog\/index.php?rest_route=%2Fwp%2Fv2%2Fmedia&parent=5092"}],"wp:term":[{"taxonomy":"category","embeddable":true,"href":"https:\/\/exalumnasesclavas.org\/blog\/index.php?rest_route=%2Fwp%2Fv2%2Fcategories&post=5092"},{"taxonomy":"post_tag","embeddable":true,"href":"https:\/\/exalumnasesclavas.org\/blog\/index.php?rest_route=%2Fwp%2Fv2%2Ftags&post=5092"}],"curies":[{"name":"wp","href":"https:\/\/api.w.org\/{rel}","templated":true}]}}